{"id":4614,"date":"2026-02-25T10:03:57","date_gmt":"2026-02-25T10:03:57","guid":{"rendered":"http:\/\/192.168.178.100:65530\/?page_id=4614"},"modified":"2026-04-17T11:14:31","modified_gmt":"2026-04-17T09:14:31","slug":"servizi-di-sicurezza","status":"publish","type":"page","link":"https:\/\/www.arcadiacompany.it\/fr\/servizi-di-sicurezza\/","title":{"rendered":"Services de s\u00e9curit\u00e9"},"content":{"rendered":"","protected":false},"excerpt":{"rendered":"","protected":false},"author":3,"featured_media":7441,"parent":0,"menu_order":0,"comment_status":"closed","ping_status":"closed","template":"","meta":{"_acf_changed":false,"slim_seo":{"title":"Services de S\u00e9curit\u00e9 Priv\u00e9e et Entreprise | Arcadia Company","description":"Vous cherchez des services de s\u00e9curit\u00e9 fiables? Arcadia Company propose une protection VIP, une s\u00e9curit\u00e9 d'entreprise et un contr\u00f4le des \u00e9v\u00e9nements avec un personnel hautement qualifi\u00e9."},"footnotes":""},"class_list":["post-4614","page","type-page","status-publish","has-post-thumbnail","hentry"],"acf":[],"_links":{"self":[{"href":"https:\/\/www.arcadiacompany.it\/fr\/wp-json\/wp\/v2\/pages\/4614","targetHints":{"allow":["GET"]}}],"collection":[{"href":"https:\/\/www.arcadiacompany.it\/fr\/wp-json\/wp\/v2\/pages"}],"about":[{"href":"https:\/\/www.arcadiacompany.it\/fr\/wp-json\/wp\/v2\/types\/page"}],"author":[{"embeddable":true,"href":"https:\/\/www.arcadiacompany.it\/fr\/wp-json\/wp\/v2\/users\/3"}],"replies":[{"embeddable":true,"href":"https:\/\/www.arcadiacompany.it\/fr\/wp-json\/wp\/v2\/comments?post=4614"}],"version-history":[{"count":3,"href":"https:\/\/www.arcadiacompany.it\/fr\/wp-json\/wp\/v2\/pages\/4614\/revisions"}],"predecessor-version":[{"id":7651,"href":"https:\/\/www.arcadiacompany.it\/fr\/wp-json\/wp\/v2\/pages\/4614\/revisions\/7651"}],"wp:featuredmedia":[{"embeddable":true,"href":"https:\/\/www.arcadiacompany.it\/fr\/wp-json\/wp\/v2\/media\/7441"}],"wp:attachment":[{"href":"https:\/\/www.arcadiacompany.it\/fr\/wp-json\/wp\/v2\/media?parent=4614"}],"curies":[{"name":"wp","href":"https:\/\/api.w.org\/{rel}","templated":true}]}}