{"id":4256,"date":"2026-02-23T14:49:08","date_gmt":"2026-02-23T14:49:08","guid":{"rendered":"http:\/\/192.168.178.100:65530\/?page_id=4256"},"modified":"2026-03-03T06:28:20","modified_gmt":"2026-03-03T06:28:20","slug":"investigatore-privato-ravenna","status":"publish","type":"page","link":"https:\/\/www.arcadiacompany.it\/fr\/aree-intervento\/investigatore-privato-ravenna\/","title":{"rendered":"D\u00e9tective priv\u00e9 Ravenne"},"content":{"rendered":"","protected":false},"excerpt":{"rendered":"","protected":false},"author":3,"featured_media":4336,"parent":2394,"menu_order":0,"comment_status":"closed","ping_status":"closed","template":"","meta":{"_acf_changed":false,"slim_seo":{"title":"D\u00e9tective Priv\u00e9 Ravenne | Enqu\u00eates Incognito | Arcadia","description":"Vous avez besoin d'un d\u00e9tective priv\u00e9 \u00e0 Ravenne? Arcadia Company d\u00e9ploie des agents externes pour des enqu\u00eates invisibles en entreprise et en priv\u00e9. M\u00e9thode ISO 9001."},"footnotes":""},"class_list":["post-4256","page","type-page","status-publish","has-post-thumbnail","hentry"],"acf":[],"_links":{"self":[{"href":"https:\/\/www.arcadiacompany.it\/fr\/wp-json\/wp\/v2\/pages\/4256","targetHints":{"allow":["GET"]}}],"collection":[{"href":"https:\/\/www.arcadiacompany.it\/fr\/wp-json\/wp\/v2\/pages"}],"about":[{"href":"https:\/\/www.arcadiacompany.it\/fr\/wp-json\/wp\/v2\/types\/page"}],"author":[{"embeddable":true,"href":"https:\/\/www.arcadiacompany.it\/fr\/wp-json\/wp\/v2\/users\/3"}],"replies":[{"embeddable":true,"href":"https:\/\/www.arcadiacompany.it\/fr\/wp-json\/wp\/v2\/comments?post=4256"}],"version-history":[{"count":0,"href":"https:\/\/www.arcadiacompany.it\/fr\/wp-json\/wp\/v2\/pages\/4256\/revisions"}],"up":[{"embeddable":true,"href":"https:\/\/www.arcadiacompany.it\/fr\/wp-json\/wp\/v2\/pages\/2394"}],"wp:featuredmedia":[{"embeddable":true,"href":"https:\/\/www.arcadiacompany.it\/fr\/wp-json\/wp\/v2\/media\/4336"}],"wp:attachment":[{"href":"https:\/\/www.arcadiacompany.it\/fr\/wp-json\/wp\/v2\/media?parent=4256"}],"curies":[{"name":"wp","href":"https:\/\/api.w.org\/{rel}","templated":true}]}}