{"id":4238,"date":"2026-02-23T13:42:18","date_gmt":"2026-02-23T13:42:18","guid":{"rendered":"http:\/\/192.168.178.100:65530\/?page_id=4238"},"modified":"2026-03-02T15:44:51","modified_gmt":"2026-03-02T15:44:51","slug":"investigatore-privato-bologna","status":"publish","type":"page","link":"https:\/\/www.arcadiacompany.it\/fr\/aree-intervento\/investigatore-privato-bologna\/","title":{"rendered":"D\u00e9tective priv\u00e9 Bologne"},"content":{"rendered":"","protected":false},"excerpt":{"rendered":"","protected":false},"author":3,"featured_media":4319,"parent":2394,"menu_order":0,"comment_status":"closed","ping_status":"closed","template":"","meta":{"_acf_changed":false,"slim_seo":{"title":"D\u00e9tective Priv\u00e9 Bologne | Enqu\u00eates Incognito | Arcadia","description":"Vous avez besoin d'un d\u00e9tective priv\u00e9 \u00e0 Bologne? Arcadia Company garantit des enqu\u00eates commerciales et priv\u00e9es en totale confidentialit\u00e9. M\u00e9thode ISO 9001 et devis anonymes."},"footnotes":""},"class_list":["post-4238","page","type-page","status-publish","has-post-thumbnail","hentry"],"acf":[],"_links":{"self":[{"href":"https:\/\/www.arcadiacompany.it\/fr\/wp-json\/wp\/v2\/pages\/4238","targetHints":{"allow":["GET"]}}],"collection":[{"href":"https:\/\/www.arcadiacompany.it\/fr\/wp-json\/wp\/v2\/pages"}],"about":[{"href":"https:\/\/www.arcadiacompany.it\/fr\/wp-json\/wp\/v2\/types\/page"}],"author":[{"embeddable":true,"href":"https:\/\/www.arcadiacompany.it\/fr\/wp-json\/wp\/v2\/users\/3"}],"replies":[{"embeddable":true,"href":"https:\/\/www.arcadiacompany.it\/fr\/wp-json\/wp\/v2\/comments?post=4238"}],"version-history":[{"count":0,"href":"https:\/\/www.arcadiacompany.it\/fr\/wp-json\/wp\/v2\/pages\/4238\/revisions"}],"up":[{"embeddable":true,"href":"https:\/\/www.arcadiacompany.it\/fr\/wp-json\/wp\/v2\/pages\/2394"}],"wp:featuredmedia":[{"embeddable":true,"href":"https:\/\/www.arcadiacompany.it\/fr\/wp-json\/wp\/v2\/media\/4319"}],"wp:attachment":[{"href":"https:\/\/www.arcadiacompany.it\/fr\/wp-json\/wp\/v2\/media?parent=4238"}],"curies":[{"name":"wp","href":"https:\/\/api.w.org\/{rel}","templated":true}]}}