{"id":3926,"date":"2026-02-20T16:41:24","date_gmt":"2026-02-20T16:41:24","guid":{"rendered":"http:\/\/192.168.178.100:65530\/?page_id=3926"},"modified":"2026-03-02T15:42:31","modified_gmt":"2026-03-02T15:42:31","slug":"investigatore-privato-bergamo","status":"publish","type":"page","link":"https:\/\/www.arcadiacompany.it\/fr\/aree-intervento\/investigatore-privato-bergamo\/","title":{"rendered":"D\u00e9tective priv\u00e9 Bergame"},"content":{"rendered":"","protected":false},"excerpt":{"rendered":"","protected":false},"author":3,"featured_media":4317,"parent":2394,"menu_order":0,"comment_status":"closed","ping_status":"closed","template":"","meta":{"_acf_changed":false,"slim_seo":{"title":"D\u00e9tective Priv\u00e9 Bergame | Intervention Rapide | Arcadia Company","description":"Vous cherchez un d\u00e9tective priv\u00e9 \u00e0 Bergame? Arcadia Company propose des enqu\u00eates commerciales et priv\u00e9es avec une intervention rapide. Devis transparents, aucune surprise."},"footnotes":""},"class_list":["post-3926","page","type-page","status-publish","has-post-thumbnail","hentry"],"acf":[],"_links":{"self":[{"href":"https:\/\/www.arcadiacompany.it\/fr\/wp-json\/wp\/v2\/pages\/3926","targetHints":{"allow":["GET"]}}],"collection":[{"href":"https:\/\/www.arcadiacompany.it\/fr\/wp-json\/wp\/v2\/pages"}],"about":[{"href":"https:\/\/www.arcadiacompany.it\/fr\/wp-json\/wp\/v2\/types\/page"}],"author":[{"embeddable":true,"href":"https:\/\/www.arcadiacompany.it\/fr\/wp-json\/wp\/v2\/users\/3"}],"replies":[{"embeddable":true,"href":"https:\/\/www.arcadiacompany.it\/fr\/wp-json\/wp\/v2\/comments?post=3926"}],"version-history":[{"count":0,"href":"https:\/\/www.arcadiacompany.it\/fr\/wp-json\/wp\/v2\/pages\/3926\/revisions"}],"up":[{"embeddable":true,"href":"https:\/\/www.arcadiacompany.it\/fr\/wp-json\/wp\/v2\/pages\/2394"}],"wp:featuredmedia":[{"embeddable":true,"href":"https:\/\/www.arcadiacompany.it\/fr\/wp-json\/wp\/v2\/media\/4317"}],"wp:attachment":[{"href":"https:\/\/www.arcadiacompany.it\/fr\/wp-json\/wp\/v2\/media?parent=3926"}],"curies":[{"name":"wp","href":"https:\/\/api.w.org\/{rel}","templated":true}]}}