{"id":2592,"date":"2026-02-16T15:06:18","date_gmt":"2026-02-16T15:06:18","guid":{"rendered":"http:\/\/192.168.178.100:65530\/?page_id=2592"},"modified":"2026-02-28T12:10:40","modified_gmt":"2026-02-28T12:10:40","slug":"investigatore-privato-vimercate","status":"publish","type":"page","link":"https:\/\/www.arcadiacompany.it\/fr\/aree-intervento\/investigatore-privato-vimercate\/","title":{"rendered":"D\u00e9tective priv\u00e9 Vimercate"},"content":{"rendered":"","protected":false},"excerpt":{"rendered":"","protected":false},"author":3,"featured_media":3111,"parent":2394,"menu_order":0,"comment_status":"closed","ping_status":"closed","template":"","meta":{"_acf_changed":false,"slim_seo":{"title":"D\u00e9tective Priv\u00e9 Vimercate | S\u00e9curit\u00e9 Torri Bianche Arcadia","description":"Agence d'enqu\u00eate op\u00e9rant \u00e0 Vimercate et Torri Bianche. Intervention rapide depuis Sesto S.G. via Tangenziale Est. Sp\u00e9cialistes en contre-espionnage et services priv\u00e9s."},"footnotes":""},"class_list":["post-2592","page","type-page","status-publish","has-post-thumbnail","hentry"],"acf":[],"_links":{"self":[{"href":"https:\/\/www.arcadiacompany.it\/fr\/wp-json\/wp\/v2\/pages\/2592","targetHints":{"allow":["GET"]}}],"collection":[{"href":"https:\/\/www.arcadiacompany.it\/fr\/wp-json\/wp\/v2\/pages"}],"about":[{"href":"https:\/\/www.arcadiacompany.it\/fr\/wp-json\/wp\/v2\/types\/page"}],"author":[{"embeddable":true,"href":"https:\/\/www.arcadiacompany.it\/fr\/wp-json\/wp\/v2\/users\/3"}],"replies":[{"embeddable":true,"href":"https:\/\/www.arcadiacompany.it\/fr\/wp-json\/wp\/v2\/comments?post=2592"}],"version-history":[{"count":0,"href":"https:\/\/www.arcadiacompany.it\/fr\/wp-json\/wp\/v2\/pages\/2592\/revisions"}],"up":[{"embeddable":true,"href":"https:\/\/www.arcadiacompany.it\/fr\/wp-json\/wp\/v2\/pages\/2394"}],"wp:featuredmedia":[{"embeddable":true,"href":"https:\/\/www.arcadiacompany.it\/fr\/wp-json\/wp\/v2\/media\/3111"}],"wp:attachment":[{"href":"https:\/\/www.arcadiacompany.it\/fr\/wp-json\/wp\/v2\/media?parent=2592"}],"curies":[{"name":"wp","href":"https:\/\/api.w.org\/{rel}","templated":true}]}}