{"id":2404,"date":"2026-02-15T18:28:30","date_gmt":"2026-02-15T18:28:30","guid":{"rendered":"http:\/\/192.168.178.100:65530\/?page_id=2404"},"modified":"2026-02-28T12:07:46","modified_gmt":"2026-02-28T12:07:46","slug":"investigatore-privato-monza","status":"publish","type":"page","link":"https:\/\/www.arcadiacompany.it\/fr\/aree-intervento\/investigatore-privato-monza\/","title":{"rendered":"D\u00e9tective priv\u00e9 Monza"},"content":{"rendered":"","protected":false},"excerpt":{"rendered":"","protected":false},"author":3,"featured_media":3104,"parent":2394,"menu_order":0,"comment_status":"closed","ping_status":"closed","template":"","meta":{"_acf_changed":false,"slim_seo":{"title":"D\u00e9tective Priv\u00e9 Monza et Brianza | Agence Arcadia Company","description":"Vous cherchez un d\u00e9tective \u00e0 Monza? Intervention imm\u00e9diate dans toute la Brianza. Bureau \u00e0 5 minutes, co\u00fbts transparents et preuves l\u00e9gales pour les particuliers et les entreprises."},"footnotes":""},"class_list":["post-2404","page","type-page","status-publish","has-post-thumbnail","hentry"],"acf":[],"_links":{"self":[{"href":"https:\/\/www.arcadiacompany.it\/fr\/wp-json\/wp\/v2\/pages\/2404","targetHints":{"allow":["GET"]}}],"collection":[{"href":"https:\/\/www.arcadiacompany.it\/fr\/wp-json\/wp\/v2\/pages"}],"about":[{"href":"https:\/\/www.arcadiacompany.it\/fr\/wp-json\/wp\/v2\/types\/page"}],"author":[{"embeddable":true,"href":"https:\/\/www.arcadiacompany.it\/fr\/wp-json\/wp\/v2\/users\/3"}],"replies":[{"embeddable":true,"href":"https:\/\/www.arcadiacompany.it\/fr\/wp-json\/wp\/v2\/comments?post=2404"}],"version-history":[{"count":0,"href":"https:\/\/www.arcadiacompany.it\/fr\/wp-json\/wp\/v2\/pages\/2404\/revisions"}],"up":[{"embeddable":true,"href":"https:\/\/www.arcadiacompany.it\/fr\/wp-json\/wp\/v2\/pages\/2394"}],"wp:featuredmedia":[{"embeddable":true,"href":"https:\/\/www.arcadiacompany.it\/fr\/wp-json\/wp\/v2\/media\/3104"}],"wp:attachment":[{"href":"https:\/\/www.arcadiacompany.it\/fr\/wp-json\/wp\/v2\/media?parent=2404"}],"curies":[{"name":"wp","href":"https:\/\/api.w.org\/{rel}","templated":true}]}}