{"id":1698,"date":"2026-02-12T15:37:21","date_gmt":"2026-02-12T15:37:21","guid":{"rendered":"http:\/\/192.168.178.100:65530\/?page_id=1698"},"modified":"2026-04-27T10:55:23","modified_gmt":"2026-04-27T08:55:23","slug":"bonifiche-elettroniche","status":"publish","type":"page","link":"https:\/\/www.arcadiacompany.it\/fr\/bonifiche\/bonifiche-elettroniche\/","title":{"rendered":"D\u00e9tection et suppression de logiciels espions"},"content":{"rendered":"","protected":false},"excerpt":{"rendered":"","protected":false},"author":3,"featured_media":0,"parent":1696,"menu_order":0,"comment_status":"closed","ping_status":"closed","template":"","meta":{"_acf_changed":false,"slim_seo":{"title":"D\u00e9pistages \u00c9lectroniques de Microphones Cach\u00e9s | D\u00e9tection de Mouchards et Cam\u00e9ras","description":"Vous suspectez d'\u00eatre espionn\u00e9 ? Arcadia Company effectue des d\u00e9contaminations \u00e9lectroniques professionnelles pour d\u00e9tecter les micros, les cam\u00e9ras cach\u00e9es et les enregistreurs \u00e0 domicile, au bureau et dans les voitures."},"footnotes":""},"class_list":["post-1698","page","type-page","status-publish","hentry"],"acf":[],"_links":{"self":[{"href":"https:\/\/www.arcadiacompany.it\/fr\/wp-json\/wp\/v2\/pages\/1698","targetHints":{"allow":["GET"]}}],"collection":[{"href":"https:\/\/www.arcadiacompany.it\/fr\/wp-json\/wp\/v2\/pages"}],"about":[{"href":"https:\/\/www.arcadiacompany.it\/fr\/wp-json\/wp\/v2\/types\/page"}],"author":[{"embeddable":true,"href":"https:\/\/www.arcadiacompany.it\/fr\/wp-json\/wp\/v2\/users\/3"}],"replies":[{"embeddable":true,"href":"https:\/\/www.arcadiacompany.it\/fr\/wp-json\/wp\/v2\/comments?post=1698"}],"version-history":[{"count":3,"href":"https:\/\/www.arcadiacompany.it\/fr\/wp-json\/wp\/v2\/pages\/1698\/revisions"}],"predecessor-version":[{"id":7787,"href":"https:\/\/www.arcadiacompany.it\/fr\/wp-json\/wp\/v2\/pages\/1698\/revisions\/7787"}],"up":[{"embeddable":true,"href":"https:\/\/www.arcadiacompany.it\/fr\/wp-json\/wp\/v2\/pages\/1696"}],"wp:attachment":[{"href":"https:\/\/www.arcadiacompany.it\/fr\/wp-json\/wp\/v2\/media?parent=1698"}],"curies":[{"name":"wp","href":"https:\/\/api.w.org\/{rel}","templated":true}]}}