{"id":1696,"date":"2026-02-12T15:36:44","date_gmt":"2026-02-12T15:36:44","guid":{"rendered":"http:\/\/192.168.178.100:65530\/?page_id=1696"},"modified":"2026-03-19T15:27:31","modified_gmt":"2026-03-19T15:27:31","slug":"bonifiche","status":"publish","type":"page","link":"https:\/\/www.arcadiacompany.it\/fr\/bonifiche\/","title":{"rendered":"D\u00e9sinfection"},"content":{"rendered":"","protected":false},"excerpt":{"rendered":"","protected":false},"author":3,"featured_media":0,"parent":0,"menu_order":0,"comment_status":"closed","ping_status":"closed","template":"","meta":{"_acf_changed":false,"slim_seo":{"title":"D\u00e9tection de microphones et GPS | D\u00e9sinfection environnementale et num\u00e9rique","description":"Vous soup\u00e7onnez d'\u00eatre surveill\u00e9? Arcadia Company effectue des v\u00e9rifications environnementales, sur les voitures et les smartphones pour d\u00e9tecter les microphones, les cam\u00e9ras cach\u00e9es et les traceurs GPS."},"footnotes":""},"class_list":["post-1696","page","type-page","status-publish","hentry"],"acf":[],"_links":{"self":[{"href":"https:\/\/www.arcadiacompany.it\/fr\/wp-json\/wp\/v2\/pages\/1696","targetHints":{"allow":["GET"]}}],"collection":[{"href":"https:\/\/www.arcadiacompany.it\/fr\/wp-json\/wp\/v2\/pages"}],"about":[{"href":"https:\/\/www.arcadiacompany.it\/fr\/wp-json\/wp\/v2\/types\/page"}],"author":[{"embeddable":true,"href":"https:\/\/www.arcadiacompany.it\/fr\/wp-json\/wp\/v2\/users\/3"}],"replies":[{"embeddable":true,"href":"https:\/\/www.arcadiacompany.it\/fr\/wp-json\/wp\/v2\/comments?post=1696"}],"version-history":[{"count":0,"href":"https:\/\/www.arcadiacompany.it\/fr\/wp-json\/wp\/v2\/pages\/1696\/revisions"}],"wp:attachment":[{"href":"https:\/\/www.arcadiacompany.it\/fr\/wp-json\/wp\/v2\/media?parent=1696"}],"curies":[{"name":"wp","href":"https:\/\/api.w.org\/{rel}","templated":true}]}}