{"id":1676,"date":"2026-02-12T15:06:44","date_gmt":"2026-02-12T15:06:44","guid":{"rendered":"http:\/\/192.168.178.100:65530\/?page_id=1676"},"modified":"2026-03-04T14:43:33","modified_gmt":"2026-03-04T14:43:33","slug":"indagini-d-lgs-231-e-whistleblowing","status":"publish","type":"page","link":"https:\/\/www.arcadiacompany.it\/fr\/investigazioni-aziendali\/indagini-d-lgs-231-e-whistleblowing\/","title":{"rendered":"Enqu\u00eates D.Lgs 231 et lanceur d'alerte"},"content":{"rendered":"","protected":false},"excerpt":{"rendered":"","protected":false},"author":3,"featured_media":0,"parent":1576,"menu_order":0,"comment_status":"closed","ping_status":"closed","template":"","meta":{"_acf_changed":false,"slim_seo":{"title":"Enqu\u00eates D.Lgs 231 Milan | Gestion professionnelle du lanceur d'alerte","description":"Prot\u00e9gez votre entreprise des sanctions 231. Arcadia Company offre un soutien au DPO pour les enqu\u00eates internes et la v\u00e9rification des signalements Whistleblowing \u00e0 Milan. Contactez-nous."},"footnotes":""},"class_list":["post-1676","page","type-page","status-publish","hentry"],"acf":[],"_links":{"self":[{"href":"https:\/\/www.arcadiacompany.it\/fr\/wp-json\/wp\/v2\/pages\/1676","targetHints":{"allow":["GET"]}}],"collection":[{"href":"https:\/\/www.arcadiacompany.it\/fr\/wp-json\/wp\/v2\/pages"}],"about":[{"href":"https:\/\/www.arcadiacompany.it\/fr\/wp-json\/wp\/v2\/types\/page"}],"author":[{"embeddable":true,"href":"https:\/\/www.arcadiacompany.it\/fr\/wp-json\/wp\/v2\/users\/3"}],"replies":[{"embeddable":true,"href":"https:\/\/www.arcadiacompany.it\/fr\/wp-json\/wp\/v2\/comments?post=1676"}],"version-history":[{"count":0,"href":"https:\/\/www.arcadiacompany.it\/fr\/wp-json\/wp\/v2\/pages\/1676\/revisions"}],"up":[{"embeddable":true,"href":"https:\/\/www.arcadiacompany.it\/fr\/wp-json\/wp\/v2\/pages\/1576"}],"wp:attachment":[{"href":"https:\/\/www.arcadiacompany.it\/fr\/wp-json\/wp\/v2\/media?parent=1676"}],"curies":[{"name":"wp","href":"https:\/\/api.w.org\/{rel}","templated":true}]}}