{"id":1665,"date":"2026-02-12T14:18:27","date_gmt":"2026-02-12T14:18:27","guid":{"rendered":"http:\/\/192.168.178.100:65530\/?page_id=1665"},"modified":"2026-03-19T15:24:24","modified_gmt":"2026-03-19T15:24:24","slug":"investigazioni-violazione-patto-di-non-concorrenza","status":"publish","type":"page","link":"https:\/\/www.arcadiacompany.it\/fr\/investigazioni-aziendali\/investigazioni-violazione-patto-di-non-concorrenza\/","title":{"rendered":"Violation du Pacte de non-concurrence"},"content":{"rendered":"","protected":false},"excerpt":{"rendered":"","protected":false},"author":3,"featured_media":0,"parent":1576,"menu_order":0,"comment_status":"closed","ping_status":"closed","template":"","meta":{"_acf_changed":false,"slim_seo":{"title":"Violation du Pacte de Non-Concurrence Milan | Enqu\u00eates et Preuves","description":"Vous soup\u00e7onnez qu'un ancien employ\u00e9 viole une clause de non-concurrence \u00e0 Milan? Nous recueillons des preuves l\u00e9gales de travail occulte ou de d\u00e9tournement de clients pour obtenir des dommages et int\u00e9r\u00eats."},"footnotes":""},"class_list":["post-1665","page","type-page","status-publish","hentry"],"acf":[],"_links":{"self":[{"href":"https:\/\/www.arcadiacompany.it\/fr\/wp-json\/wp\/v2\/pages\/1665","targetHints":{"allow":["GET"]}}],"collection":[{"href":"https:\/\/www.arcadiacompany.it\/fr\/wp-json\/wp\/v2\/pages"}],"about":[{"href":"https:\/\/www.arcadiacompany.it\/fr\/wp-json\/wp\/v2\/types\/page"}],"author":[{"embeddable":true,"href":"https:\/\/www.arcadiacompany.it\/fr\/wp-json\/wp\/v2\/users\/3"}],"replies":[{"embeddable":true,"href":"https:\/\/www.arcadiacompany.it\/fr\/wp-json\/wp\/v2\/comments?post=1665"}],"version-history":[{"count":0,"href":"https:\/\/www.arcadiacompany.it\/fr\/wp-json\/wp\/v2\/pages\/1665\/revisions"}],"up":[{"embeddable":true,"href":"https:\/\/www.arcadiacompany.it\/fr\/wp-json\/wp\/v2\/pages\/1576"}],"wp:attachment":[{"href":"https:\/\/www.arcadiacompany.it\/fr\/wp-json\/wp\/v2\/media?parent=1665"}],"curies":[{"name":"wp","href":"https:\/\/api.w.org\/{rel}","templated":true}]}}