{"id":1658,"date":"2026-02-12T14:00:01","date_gmt":"2026-02-12T14:00:01","guid":{"rendered":"http:\/\/192.168.178.100:65530\/?page_id=1658"},"modified":"2026-03-04T14:45:21","modified_gmt":"2026-03-04T14:45:21","slug":"investigazioni-mystery-client","status":"publish","type":"page","link":"https:\/\/www.arcadiacompany.it\/fr\/investigazioni-aziendali\/investigazioni-mystery-client\/","title":{"rendered":"Client myst\u00e9rieux"},"content":{"rendered":"","protected":false},"excerpt":{"rendered":"","protected":false},"author":3,"featured_media":0,"parent":1576,"menu_order":0,"comment_status":"closed","ping_status":"closed","template":"","meta":{"_acf_changed":false,"slim_seo":{"title":"Client Myst\u00e8re Milan | Contr\u00f4le de l'Infid\u00e9lit\u00e9 et Disparitions de Caisse","description":"V\u00e9rifiez la fid\u00e9lit\u00e9 de vos employ\u00e9s avec le Mystery Shopping Investigatif \u00e0 Milan. Arcadia Company documente les vols, les tickets manquants et les violations avec une valeur l\u00e9gale."},"footnotes":""},"class_list":["post-1658","page","type-page","status-publish","hentry"],"acf":[],"_links":{"self":[{"href":"https:\/\/www.arcadiacompany.it\/fr\/wp-json\/wp\/v2\/pages\/1658","targetHints":{"allow":["GET"]}}],"collection":[{"href":"https:\/\/www.arcadiacompany.it\/fr\/wp-json\/wp\/v2\/pages"}],"about":[{"href":"https:\/\/www.arcadiacompany.it\/fr\/wp-json\/wp\/v2\/types\/page"}],"author":[{"embeddable":true,"href":"https:\/\/www.arcadiacompany.it\/fr\/wp-json\/wp\/v2\/users\/3"}],"replies":[{"embeddable":true,"href":"https:\/\/www.arcadiacompany.it\/fr\/wp-json\/wp\/v2\/comments?post=1658"}],"version-history":[{"count":0,"href":"https:\/\/www.arcadiacompany.it\/fr\/wp-json\/wp\/v2\/pages\/1658\/revisions"}],"up":[{"embeddable":true,"href":"https:\/\/www.arcadiacompany.it\/fr\/wp-json\/wp\/v2\/pages\/1576"}],"wp:attachment":[{"href":"https:\/\/www.arcadiacompany.it\/fr\/wp-json\/wp\/v2\/media?parent=1658"}],"curies":[{"name":"wp","href":"https:\/\/api.w.org\/{rel}","templated":true}]}}