{"id":1615,"date":"2026-02-12T11:44:38","date_gmt":"2026-02-12T11:44:38","guid":{"rendered":"http:\/\/192.168.178.100:65530\/?page_id=1615"},"modified":"2026-03-04T13:16:08","modified_gmt":"2026-03-04T13:16:08","slug":"investigazioni-assenze-malattia-e-infortuni","status":"publish","type":"page","link":"https:\/\/www.arcadiacompany.it\/fr\/investigazioni-aziendali\/investigazioni-assenze-malattia-e-infortuni\/","title":{"rendered":"Absences Maladie et Accidents"},"content":{"rendered":"","protected":false},"excerpt":{"rendered":"","protected":false},"author":3,"featured_media":0,"parent":1576,"menu_order":0,"comment_status":"closed","ping_status":"closed","template":"","meta":{"_acf_changed":false,"slim_seo":{"title":"Enqu\u00eateur Absent\u00e9isme Employ\u00e9s: Preuves L\u00e9gales pour Fausse Maladie","description":"Soup\u00e7onnez-vous d'une fausse maladie? Obtenez des preuves vid\u00e9o l\u00e9gales pour un licenciement pour juste cause. Agence d'enqu\u00eate sp\u00e9cialis\u00e9e dans l'absent\u00e9isme."},"footnotes":""},"class_list":["post-1615","page","type-page","status-publish","hentry"],"acf":[],"_links":{"self":[{"href":"https:\/\/www.arcadiacompany.it\/fr\/wp-json\/wp\/v2\/pages\/1615","targetHints":{"allow":["GET"]}}],"collection":[{"href":"https:\/\/www.arcadiacompany.it\/fr\/wp-json\/wp\/v2\/pages"}],"about":[{"href":"https:\/\/www.arcadiacompany.it\/fr\/wp-json\/wp\/v2\/types\/page"}],"author":[{"embeddable":true,"href":"https:\/\/www.arcadiacompany.it\/fr\/wp-json\/wp\/v2\/users\/3"}],"replies":[{"embeddable":true,"href":"https:\/\/www.arcadiacompany.it\/fr\/wp-json\/wp\/v2\/comments?post=1615"}],"version-history":[{"count":0,"href":"https:\/\/www.arcadiacompany.it\/fr\/wp-json\/wp\/v2\/pages\/1615\/revisions"}],"up":[{"embeddable":true,"href":"https:\/\/www.arcadiacompany.it\/fr\/wp-json\/wp\/v2\/pages\/1576"}],"wp:attachment":[{"href":"https:\/\/www.arcadiacompany.it\/fr\/wp-json\/wp\/v2\/media?parent=1615"}],"curies":[{"name":"wp","href":"https:\/\/api.w.org\/{rel}","templated":true}]}}