{"id":1611,"date":"2026-02-12T11:32:44","date_gmt":"2026-02-12T11:32:44","guid":{"rendered":"http:\/\/192.168.178.100:65530\/?page_id=1611"},"modified":"2026-03-04T14:39:37","modified_gmt":"2026-03-04T14:39:37","slug":"analisi-investigativa-reputazionale","status":"publish","type":"page","link":"https:\/\/www.arcadiacompany.it\/fr\/investigazioni-aziendali\/analisi-investigativa-reputazionale\/","title":{"rendered":"Analyse r\u00e9putationnelle d'enqu\u00eate"},"content":{"rendered":"","protected":false},"excerpt":{"rendered":"","protected":false},"author":3,"featured_media":0,"parent":1576,"menu_order":0,"comment_status":"closed","ping_status":"closed","template":"","meta":{"_acf_changed":false,"slim_seo":{"title":"Analyse de la r\u00e9putation et diligence raisonnable d'enqu\u00eate | Arcadia","description":"Prot\u00e9gez votre entreprise avec une analyse r\u00e9putationnelle approfondie. Nous v\u00e9rifions la fiabilit\u00e9 des associ\u00e9s et des managers avec des enqu\u00eates forensiques et du HUMINT. Conseil gratuit."},"footnotes":""},"class_list":["post-1611","page","type-page","status-publish","hentry"],"acf":[],"_links":{"self":[{"href":"https:\/\/www.arcadiacompany.it\/fr\/wp-json\/wp\/v2\/pages\/1611","targetHints":{"allow":["GET"]}}],"collection":[{"href":"https:\/\/www.arcadiacompany.it\/fr\/wp-json\/wp\/v2\/pages"}],"about":[{"href":"https:\/\/www.arcadiacompany.it\/fr\/wp-json\/wp\/v2\/types\/page"}],"author":[{"embeddable":true,"href":"https:\/\/www.arcadiacompany.it\/fr\/wp-json\/wp\/v2\/users\/3"}],"replies":[{"embeddable":true,"href":"https:\/\/www.arcadiacompany.it\/fr\/wp-json\/wp\/v2\/comments?post=1611"}],"version-history":[{"count":0,"href":"https:\/\/www.arcadiacompany.it\/fr\/wp-json\/wp\/v2\/pages\/1611\/revisions"}],"up":[{"embeddable":true,"href":"https:\/\/www.arcadiacompany.it\/fr\/wp-json\/wp\/v2\/pages\/1576"}],"wp:attachment":[{"href":"https:\/\/www.arcadiacompany.it\/fr\/wp-json\/wp\/v2\/media?parent=1611"}],"curies":[{"name":"wp","href":"https:\/\/api.w.org\/{rel}","templated":true}]}}