{"id":1581,"date":"2026-02-12T10:18:17","date_gmt":"2026-02-12T10:18:17","guid":{"rendered":"http:\/\/192.168.178.100:65530\/?page_id=1581"},"modified":"2026-03-04T14:46:13","modified_gmt":"2026-03-04T14:46:13","slug":"investigazioni-osint","status":"publish","type":"page","link":"https:\/\/www.arcadiacompany.it\/fr\/investigazioni-aziendali\/investigazioni-osint\/","title":{"rendered":"OSINT"},"content":{"rendered":"","protected":false},"excerpt":{"rendered":"","protected":false},"author":3,"featured_media":0,"parent":1576,"menu_order":0,"comment_status":"closed","ping_status":"closed","template":"","meta":{"_acf_changed":false,"slim_seo":{"title":"Enqu\u00eates OSINT Milan | Intelligence num\u00e9rique et r\u00e9putation web","description":"Avez-vous besoin de preuves sur le web? Nous menons des enqu\u00eates OSINT \u00e0 Milan pour retracer les actifs, les faux profils et les preuves num\u00e9riques forensiques. D\u00e9couvrez la v\u00e9rit\u00e9 en ligne."},"footnotes":""},"class_list":["post-1581","page","type-page","status-publish","hentry"],"acf":[],"_links":{"self":[{"href":"https:\/\/www.arcadiacompany.it\/fr\/wp-json\/wp\/v2\/pages\/1581","targetHints":{"allow":["GET"]}}],"collection":[{"href":"https:\/\/www.arcadiacompany.it\/fr\/wp-json\/wp\/v2\/pages"}],"about":[{"href":"https:\/\/www.arcadiacompany.it\/fr\/wp-json\/wp\/v2\/types\/page"}],"author":[{"embeddable":true,"href":"https:\/\/www.arcadiacompany.it\/fr\/wp-json\/wp\/v2\/users\/3"}],"replies":[{"embeddable":true,"href":"https:\/\/www.arcadiacompany.it\/fr\/wp-json\/wp\/v2\/comments?post=1581"}],"version-history":[{"count":0,"href":"https:\/\/www.arcadiacompany.it\/fr\/wp-json\/wp\/v2\/pages\/1581\/revisions"}],"up":[{"embeddable":true,"href":"https:\/\/www.arcadiacompany.it\/fr\/wp-json\/wp\/v2\/pages\/1576"}],"wp:attachment":[{"href":"https:\/\/www.arcadiacompany.it\/fr\/wp-json\/wp\/v2\/media?parent=1581"}],"curies":[{"name":"wp","href":"https:\/\/api.w.org\/{rel}","templated":true}]}}