{"id":1569,"date":"2026-02-11T14:59:23","date_gmt":"2026-02-11T14:59:23","guid":{"rendered":"http:\/\/192.168.178.100:65530\/?page_id=1569"},"modified":"2026-03-04T14:38:08","modified_gmt":"2026-03-04T14:38:08","slug":"investigazioni-abuso-legge-104","status":"publish","type":"page","link":"https:\/\/www.arcadiacompany.it\/fr\/investigazioni-aziendali\/investigazioni-abuso-legge-104\/","title":{"rendered":"Abus de la loi 104"},"content":{"rendered":"","protected":false},"excerpt":{"rendered":"","protected":false},"author":3,"featured_media":2510,"parent":1576,"menu_order":0,"comment_status":"closed","ping_status":"closed","template":"","meta":{"_acf_changed":false,"slim_seo":{"title":"D\u00e9tective Abus Legge 104 Milan | Preuves Licenciement Juste Cause","description":"Vous soup\u00e7onnez un abus des permis 104? Arcadia Company recueille des preuves incontestables et des vid\u00e9os pour le licenciement pour juste motif \u00e0 Milan. Consultation gratuite."},"footnotes":""},"class_list":["post-1569","page","type-page","status-publish","has-post-thumbnail","hentry"],"acf":[],"_links":{"self":[{"href":"https:\/\/www.arcadiacompany.it\/fr\/wp-json\/wp\/v2\/pages\/1569","targetHints":{"allow":["GET"]}}],"collection":[{"href":"https:\/\/www.arcadiacompany.it\/fr\/wp-json\/wp\/v2\/pages"}],"about":[{"href":"https:\/\/www.arcadiacompany.it\/fr\/wp-json\/wp\/v2\/types\/page"}],"author":[{"embeddable":true,"href":"https:\/\/www.arcadiacompany.it\/fr\/wp-json\/wp\/v2\/users\/3"}],"replies":[{"embeddable":true,"href":"https:\/\/www.arcadiacompany.it\/fr\/wp-json\/wp\/v2\/comments?post=1569"}],"version-history":[{"count":0,"href":"https:\/\/www.arcadiacompany.it\/fr\/wp-json\/wp\/v2\/pages\/1569\/revisions"}],"up":[{"embeddable":true,"href":"https:\/\/www.arcadiacompany.it\/fr\/wp-json\/wp\/v2\/pages\/1576"}],"wp:featuredmedia":[{"embeddable":true,"href":"https:\/\/www.arcadiacompany.it\/fr\/wp-json\/wp\/v2\/media\/2510"}],"wp:attachment":[{"href":"https:\/\/www.arcadiacompany.it\/fr\/wp-json\/wp\/v2\/media?parent=1569"}],"curies":[{"name":"wp","href":"https:\/\/api.w.org\/{rel}","templated":true}]}}