{"id":1514,"date":"2026-02-11T13:07:08","date_gmt":"2026-02-11T13:07:08","guid":{"rendered":"http:\/\/192.168.178.100:65530\/?page_id=1514"},"modified":"2026-03-23T09:14:44","modified_gmt":"2026-03-23T08:14:44","slug":"investigazioni-sette-criminali","status":"publish","type":"page","link":"https:\/\/www.arcadiacompany.it\/fr\/investigazioni-private\/investigazioni-sette-criminali\/","title":{"rendered":"Sept criminels"},"content":{"rendered":"","protected":false},"excerpt":{"rendered":"","protected":false},"author":3,"featured_media":0,"parent":1546,"menu_order":0,"comment_status":"closed","ping_status":"closed","template":"","meta":{"_acf_changed":false,"slim_seo":{"title":"D\u00e9tective Sette et Psicosette Milan | Arcadia Company","description":"Vous soup\u00e7onnez qu'un proche soit victime d'une secte ou d'un faux gourou? Arcadia Company recueille des preuves l\u00e9gales de manipulation et d'escroquerie \u00e0 Milan et dans toute l'Italie. Consultation gratuite."},"footnotes":""},"class_list":["post-1514","page","type-page","status-publish","hentry"],"acf":[],"_links":{"self":[{"href":"https:\/\/www.arcadiacompany.it\/fr\/wp-json\/wp\/v2\/pages\/1514","targetHints":{"allow":["GET"]}}],"collection":[{"href":"https:\/\/www.arcadiacompany.it\/fr\/wp-json\/wp\/v2\/pages"}],"about":[{"href":"https:\/\/www.arcadiacompany.it\/fr\/wp-json\/wp\/v2\/types\/page"}],"author":[{"embeddable":true,"href":"https:\/\/www.arcadiacompany.it\/fr\/wp-json\/wp\/v2\/users\/3"}],"replies":[{"embeddable":true,"href":"https:\/\/www.arcadiacompany.it\/fr\/wp-json\/wp\/v2\/comments?post=1514"}],"version-history":[{"count":1,"href":"https:\/\/www.arcadiacompany.it\/fr\/wp-json\/wp\/v2\/pages\/1514\/revisions"}],"predecessor-version":[{"id":7585,"href":"https:\/\/www.arcadiacompany.it\/fr\/wp-json\/wp\/v2\/pages\/1514\/revisions\/7585"}],"up":[{"embeddable":true,"href":"https:\/\/www.arcadiacompany.it\/fr\/wp-json\/wp\/v2\/pages\/1546"}],"wp:attachment":[{"href":"https:\/\/www.arcadiacompany.it\/fr\/wp-json\/wp\/v2\/media?parent=1514"}],"curies":[{"name":"wp","href":"https:\/\/api.w.org\/{rel}","templated":true}]}}