{"id":1494,"date":"2026-02-11T12:49:17","date_gmt":"2026-02-11T12:49:17","guid":{"rendered":"http:\/\/192.168.178.100:65530\/?page_id=1494"},"modified":"2026-03-04T14:33:19","modified_gmt":"2026-03-04T14:33:19","slug":"investigazioni-ricerca-persone-scomparse","status":"publish","type":"page","link":"https:\/\/www.arcadiacompany.it\/fr\/investigazioni-private\/investigazioni-ricerca-persone-scomparse\/","title":{"rendered":"Recherche de personnes disparues"},"content":{"rendered":"","protected":false},"excerpt":{"rendered":"","protected":false},"author":3,"featured_media":0,"parent":1546,"menu_order":0,"comment_status":"closed","ping_status":"closed","template":"","meta":{"_acf_changed":false,"slim_seo":{"title":"Recherche de Personnes Disparues: D\u00e9tective Priv\u00e9 Milan","description":"Agence d'enqu\u00eate sp\u00e9cialis\u00e9e dans la recherche de personnes disparues en Italie et \u00e0 l'\u00e9tranger. Intervention imm\u00e9diate avec OSINT et drones. Consultation gratuite."},"footnotes":""},"class_list":["post-1494","page","type-page","status-publish","hentry"],"acf":[],"_links":{"self":[{"href":"https:\/\/www.arcadiacompany.it\/fr\/wp-json\/wp\/v2\/pages\/1494","targetHints":{"allow":["GET"]}}],"collection":[{"href":"https:\/\/www.arcadiacompany.it\/fr\/wp-json\/wp\/v2\/pages"}],"about":[{"href":"https:\/\/www.arcadiacompany.it\/fr\/wp-json\/wp\/v2\/types\/page"}],"author":[{"embeddable":true,"href":"https:\/\/www.arcadiacompany.it\/fr\/wp-json\/wp\/v2\/users\/3"}],"replies":[{"embeddable":true,"href":"https:\/\/www.arcadiacompany.it\/fr\/wp-json\/wp\/v2\/comments?post=1494"}],"version-history":[{"count":0,"href":"https:\/\/www.arcadiacompany.it\/fr\/wp-json\/wp\/v2\/pages\/1494\/revisions"}],"up":[{"embeddable":true,"href":"https:\/\/www.arcadiacompany.it\/fr\/wp-json\/wp\/v2\/pages\/1546"}],"wp:attachment":[{"href":"https:\/\/www.arcadiacompany.it\/fr\/wp-json\/wp\/v2\/media?parent=1494"}],"curies":[{"name":"wp","href":"https:\/\/api.w.org\/{rel}","templated":true}]}}