{"id":1478,"date":"2026-02-11T11:35:11","date_gmt":"2026-02-11T11:35:11","guid":{"rendered":"http:\/\/192.168.178.100:65530\/?page_id=1478"},"modified":"2026-03-19T15:20:46","modified_gmt":"2026-03-19T15:20:46","slug":"indagini-difensive-penali","status":"publish","type":"page","link":"https:\/\/www.arcadiacompany.it\/fr\/investigazioni-private\/indagini-difensive-penali\/","title":{"rendered":"Enqu\u00eates d\u00e9fensives p\u00e9nales"},"content":{"rendered":"","protected":false},"excerpt":{"rendered":"","protected":false},"author":3,"featured_media":0,"parent":1546,"menu_order":0,"comment_status":"closed","ping_status":"closed","template":"","meta":{"_acf_changed":false,"slim_seo":{"title":"Enqu\u00eates D\u00e9fensives P\u00e9nales: Preuves \u00e0 D\u00e9charge et Assistance Juridique | Arcadia","description":"Support technique professionnel ex Art. 327-bis c.p.p. R\u00e9duisez les risques du proc\u00e8s: recherche de t\u00e9moins, validation des alibis et preuves l\u00e9gales certifi\u00e9es."},"footnotes":""},"class_list":["post-1478","page","type-page","status-publish","hentry"],"acf":[],"_links":{"self":[{"href":"https:\/\/www.arcadiacompany.it\/fr\/wp-json\/wp\/v2\/pages\/1478","targetHints":{"allow":["GET"]}}],"collection":[{"href":"https:\/\/www.arcadiacompany.it\/fr\/wp-json\/wp\/v2\/pages"}],"about":[{"href":"https:\/\/www.arcadiacompany.it\/fr\/wp-json\/wp\/v2\/types\/page"}],"author":[{"embeddable":true,"href":"https:\/\/www.arcadiacompany.it\/fr\/wp-json\/wp\/v2\/users\/3"}],"replies":[{"embeddable":true,"href":"https:\/\/www.arcadiacompany.it\/fr\/wp-json\/wp\/v2\/comments?post=1478"}],"version-history":[{"count":0,"href":"https:\/\/www.arcadiacompany.it\/fr\/wp-json\/wp\/v2\/pages\/1478\/revisions"}],"up":[{"embeddable":true,"href":"https:\/\/www.arcadiacompany.it\/fr\/wp-json\/wp\/v2\/pages\/1546"}],"wp:attachment":[{"href":"https:\/\/www.arcadiacompany.it\/fr\/wp-json\/wp\/v2\/media?parent=1478"}],"curies":[{"name":"wp","href":"https:\/\/api.w.org\/{rel}","templated":true}]}}