{"id":1336,"date":"2026-02-11T08:23:24","date_gmt":"2026-02-11T08:23:24","guid":{"rendered":"http:\/\/192.168.178.100:65530\/?page_id=1336"},"modified":"2026-03-11T07:06:55","modified_gmt":"2026-03-11T07:06:55","slug":"indagini-prematrimoniali","status":"publish","type":"page","link":"https:\/\/www.arcadiacompany.it\/fr\/investigazioni-private\/indagini-prematrimoniali\/","title":{"rendered":"Enqu\u00eates pr\u00e9nuptiales"},"content":{"rendered":"","protected":false},"excerpt":{"rendered":"","protected":false},"author":3,"featured_media":0,"parent":1546,"menu_order":0,"comment_status":"closed","ping_status":"closed","template":"","meta":{"_acf_changed":false,"slim_seo":{"title":"Enqu\u00eates Pr\u00e9-matrimoniales Milan: Prot\u00e9gez votre Patrimoine","description":"Mariez-vous en toute s\u00e9r\u00e9nit\u00e9. Enqu\u00eates pr\u00e9matrimoniales discr\u00e8tes sur les dettes, la fid\u00e9lit\u00e9 et le pass\u00e9 de votre partenaire \u00e0 Milan. Consultation gratuite et confidentielle. En savoir plus."},"footnotes":""},"class_list":["post-1336","page","type-page","status-publish","hentry"],"acf":[],"_links":{"self":[{"href":"https:\/\/www.arcadiacompany.it\/fr\/wp-json\/wp\/v2\/pages\/1336","targetHints":{"allow":["GET"]}}],"collection":[{"href":"https:\/\/www.arcadiacompany.it\/fr\/wp-json\/wp\/v2\/pages"}],"about":[{"href":"https:\/\/www.arcadiacompany.it\/fr\/wp-json\/wp\/v2\/types\/page"}],"author":[{"embeddable":true,"href":"https:\/\/www.arcadiacompany.it\/fr\/wp-json\/wp\/v2\/users\/3"}],"replies":[{"embeddable":true,"href":"https:\/\/www.arcadiacompany.it\/fr\/wp-json\/wp\/v2\/comments?post=1336"}],"version-history":[{"count":0,"href":"https:\/\/www.arcadiacompany.it\/fr\/wp-json\/wp\/v2\/pages\/1336\/revisions"}],"up":[{"embeddable":true,"href":"https:\/\/www.arcadiacompany.it\/fr\/wp-json\/wp\/v2\/pages\/1546"}],"wp:attachment":[{"href":"https:\/\/www.arcadiacompany.it\/fr\/wp-json\/wp\/v2\/media?parent=1336"}],"curies":[{"name":"wp","href":"https:\/\/api.w.org\/{rel}","templated":true}]}}