{"id":4232,"date":"2026-02-23T13:14:34","date_gmt":"2026-02-23T13:14:34","guid":{"rendered":"http:\/\/192.168.178.100:65530\/?page_id=4232"},"modified":"2026-03-02T16:19:25","modified_gmt":"2026-03-02T16:19:25","slug":"investigatore-privato-viterbo","status":"publish","type":"page","link":"https:\/\/www.arcadiacompany.it\/es\/aree-intervento\/investigatore-privato-viterbo\/","title":{"rendered":"Investigador privado Viterbo"},"content":{"rendered":"","protected":false},"excerpt":{"rendered":"","protected":false},"author":3,"featured_media":4346,"parent":2394,"menu_order":0,"comment_status":"closed","ping_status":"closed","template":"","meta":{"_acf_changed":false,"slim_seo":{"title":"Detective Privado Viterbo | Investigaciones Encubiertas | Arcadia","description":"\u00bfBusca un detective privado en Viterbo? Elija Arcadia Company: detectives externos para m\u00e1xima discreci\u00f3n, m\u00e9todo ISO 9001 y presupuestos sin sorpresas."},"footnotes":""},"class_list":["post-4232","page","type-page","status-publish","has-post-thumbnail","hentry"],"acf":[],"_links":{"self":[{"href":"https:\/\/www.arcadiacompany.it\/es\/wp-json\/wp\/v2\/pages\/4232","targetHints":{"allow":["GET"]}}],"collection":[{"href":"https:\/\/www.arcadiacompany.it\/es\/wp-json\/wp\/v2\/pages"}],"about":[{"href":"https:\/\/www.arcadiacompany.it\/es\/wp-json\/wp\/v2\/types\/page"}],"author":[{"embeddable":true,"href":"https:\/\/www.arcadiacompany.it\/es\/wp-json\/wp\/v2\/users\/3"}],"replies":[{"embeddable":true,"href":"https:\/\/www.arcadiacompany.it\/es\/wp-json\/wp\/v2\/comments?post=4232"}],"version-history":[{"count":0,"href":"https:\/\/www.arcadiacompany.it\/es\/wp-json\/wp\/v2\/pages\/4232\/revisions"}],"up":[{"embeddable":true,"href":"https:\/\/www.arcadiacompany.it\/es\/wp-json\/wp\/v2\/pages\/2394"}],"wp:featuredmedia":[{"embeddable":true,"href":"https:\/\/www.arcadiacompany.it\/es\/wp-json\/wp\/v2\/media\/4346"}],"wp:attachment":[{"href":"https:\/\/www.arcadiacompany.it\/es\/wp-json\/wp\/v2\/media?parent=4232"}],"curies":[{"name":"wp","href":"https:\/\/api.w.org\/{rel}","templated":true}]}}