{"id":4001,"date":"2026-02-22T17:07:15","date_gmt":"2026-02-22T17:07:15","guid":{"rendered":"http:\/\/192.168.178.100:65530\/?page_id=4001"},"modified":"2026-03-02T16:18:26","modified_gmt":"2026-03-02T16:18:26","slug":"investigatore-privato-vercelli","status":"publish","type":"page","link":"https:\/\/www.arcadiacompany.it\/es\/aree-intervento\/investigatore-privato-vercelli\/","title":{"rendered":"Investigador privado Vercelli"},"content":{"rendered":"","protected":false},"excerpt":{"rendered":"","protected":false},"author":3,"featured_media":4345,"parent":2394,"menu_order":0,"comment_status":"closed","ping_status":"closed","template":"","meta":{"_acf_changed":false,"slim_seo":{"title":"Investigador Privado Vercelli | Pruebas Irrefutables | Arcadia","description":"\u00bfBusca un detective privado en Vercelli? Arcadia Company ofrece investigaciones empresariales y privadas r\u00e1pidas a trav\u00e9s de A4. M\u00e9todo ISO 9001 y presupuestos transparentes."},"footnotes":""},"class_list":["post-4001","page","type-page","status-publish","has-post-thumbnail","hentry"],"acf":[],"_links":{"self":[{"href":"https:\/\/www.arcadiacompany.it\/es\/wp-json\/wp\/v2\/pages\/4001","targetHints":{"allow":["GET"]}}],"collection":[{"href":"https:\/\/www.arcadiacompany.it\/es\/wp-json\/wp\/v2\/pages"}],"about":[{"href":"https:\/\/www.arcadiacompany.it\/es\/wp-json\/wp\/v2\/types\/page"}],"author":[{"embeddable":true,"href":"https:\/\/www.arcadiacompany.it\/es\/wp-json\/wp\/v2\/users\/3"}],"replies":[{"embeddable":true,"href":"https:\/\/www.arcadiacompany.it\/es\/wp-json\/wp\/v2\/comments?post=4001"}],"version-history":[{"count":0,"href":"https:\/\/www.arcadiacompany.it\/es\/wp-json\/wp\/v2\/pages\/4001\/revisions"}],"up":[{"embeddable":true,"href":"https:\/\/www.arcadiacompany.it\/es\/wp-json\/wp\/v2\/pages\/2394"}],"wp:featuredmedia":[{"embeddable":true,"href":"https:\/\/www.arcadiacompany.it\/es\/wp-json\/wp\/v2\/media\/4345"}],"wp:attachment":[{"href":"https:\/\/www.arcadiacompany.it\/es\/wp-json\/wp\/v2\/media?parent=4001"}],"curies":[{"name":"wp","href":"https:\/\/api.w.org\/{rel}","templated":true}]}}