{"id":1669,"date":"2026-02-12T14:47:22","date_gmt":"2026-02-12T14:47:22","guid":{"rendered":"http:\/\/192.168.178.100:65530\/?page_id=1669"},"modified":"2026-03-02T10:41:09","modified_gmt":"2026-03-02T10:41:09","slug":"cyber-security","status":"publish","type":"page","link":"https:\/\/www.arcadiacompany.it\/es\/investigazioni-aziendali\/cyber-security\/","title":{"rendered":"Ciberseguridad"},"content":{"rendered":"","protected":false},"excerpt":{"rendered":"","protected":false},"author":3,"featured_media":0,"parent":1576,"menu_order":0,"comment_status":"closed","ping_status":"closed","template":"","meta":{"_acf_changed":false,"slim_seo":{"title":"Ciberseguridad Empresarial &amp; Forensia Digital | Arcadia Company Mil\u00e1n","description":"Protege tu negocio de ataques hacker y espionaje industrial. Servicios expertos de Prueba de Intrusi\u00f3n y Inform\u00e1tica Forense con pruebas v\u00e1lidas en el tribunal."},"footnotes":""},"class_list":["post-1669","page","type-page","status-publish","hentry"],"acf":[],"_links":{"self":[{"href":"https:\/\/www.arcadiacompany.it\/es\/wp-json\/wp\/v2\/pages\/1669","targetHints":{"allow":["GET"]}}],"collection":[{"href":"https:\/\/www.arcadiacompany.it\/es\/wp-json\/wp\/v2\/pages"}],"about":[{"href":"https:\/\/www.arcadiacompany.it\/es\/wp-json\/wp\/v2\/types\/page"}],"author":[{"embeddable":true,"href":"https:\/\/www.arcadiacompany.it\/es\/wp-json\/wp\/v2\/users\/3"}],"replies":[{"embeddable":true,"href":"https:\/\/www.arcadiacompany.it\/es\/wp-json\/wp\/v2\/comments?post=1669"}],"version-history":[{"count":0,"href":"https:\/\/www.arcadiacompany.it\/es\/wp-json\/wp\/v2\/pages\/1669\/revisions"}],"up":[{"embeddable":true,"href":"https:\/\/www.arcadiacompany.it\/es\/wp-json\/wp\/v2\/pages\/1576"}],"wp:attachment":[{"href":"https:\/\/www.arcadiacompany.it\/es\/wp-json\/wp\/v2\/media?parent=1669"}],"curies":[{"name":"wp","href":"https:\/\/api.w.org\/{rel}","templated":true}]}}