{"id":1665,"date":"2026-02-12T14:18:27","date_gmt":"2026-02-12T14:18:27","guid":{"rendered":"http:\/\/192.168.178.100:65530\/?page_id=1665"},"modified":"2026-03-19T15:24:24","modified_gmt":"2026-03-19T15:24:24","slug":"investigazioni-violazione-patto-di-non-concorrenza","status":"publish","type":"page","link":"https:\/\/www.arcadiacompany.it\/es\/investigazioni-aziendali\/investigazioni-violazione-patto-di-non-concorrenza\/","title":{"rendered":"Incumplimiento del Pacto de No Competencia"},"content":{"rendered":"","protected":false},"excerpt":{"rendered":"","protected":false},"author":3,"featured_media":0,"parent":1576,"menu_order":0,"comment_status":"closed","ping_status":"closed","template":"","meta":{"_acf_changed":false,"slim_seo":{"title":"Incumplimiento del Pacto de No Competencia Mil\u00e1n | Investigaciones y Pruebas","description":"\u00bfSospecha que un ex empleado est\u00e1 violando el acuerdo de no competencia en Mil\u00e1n? Recopilamos pruebas legales de trabajo oculto o desv\u00edo de clientes para reclamaci\u00f3n de da\u00f1os."},"footnotes":""},"class_list":["post-1665","page","type-page","status-publish","hentry"],"acf":[],"_links":{"self":[{"href":"https:\/\/www.arcadiacompany.it\/es\/wp-json\/wp\/v2\/pages\/1665","targetHints":{"allow":["GET"]}}],"collection":[{"href":"https:\/\/www.arcadiacompany.it\/es\/wp-json\/wp\/v2\/pages"}],"about":[{"href":"https:\/\/www.arcadiacompany.it\/es\/wp-json\/wp\/v2\/types\/page"}],"author":[{"embeddable":true,"href":"https:\/\/www.arcadiacompany.it\/es\/wp-json\/wp\/v2\/users\/3"}],"replies":[{"embeddable":true,"href":"https:\/\/www.arcadiacompany.it\/es\/wp-json\/wp\/v2\/comments?post=1665"}],"version-history":[{"count":0,"href":"https:\/\/www.arcadiacompany.it\/es\/wp-json\/wp\/v2\/pages\/1665\/revisions"}],"up":[{"embeddable":true,"href":"https:\/\/www.arcadiacompany.it\/es\/wp-json\/wp\/v2\/pages\/1576"}],"wp:attachment":[{"href":"https:\/\/www.arcadiacompany.it\/es\/wp-json\/wp\/v2\/media?parent=1665"}],"curies":[{"name":"wp","href":"https:\/\/api.w.org\/{rel}","templated":true}]}}