{"id":1589,"date":"2026-02-12T11:02:10","date_gmt":"2026-02-12T11:02:10","guid":{"rendered":"http:\/\/192.168.178.100:65530\/?page_id=1589"},"modified":"2026-03-04T14:47:40","modified_gmt":"2026-03-04T14:47:40","slug":"investigazioni-rintraccio-debitori","status":"publish","type":"page","link":"https:\/\/www.arcadiacompany.it\/es\/investigazioni-aziendali\/investigazioni-rintraccio-debitori\/","title":{"rendered":"Rastreo deudores"},"content":{"rendered":"","protected":false},"excerpt":{"rendered":"","protected":false},"author":3,"featured_media":0,"parent":1576,"menu_order":0,"comment_status":"closed","ping_status":"closed","template":"","meta":{"_acf_changed":false,"slim_seo":{"title":"Rastreo de Deudores Mil\u00e1n | Localizaci\u00f3n y Rastreo de Activos","description":"Deudor desaparecido? Localizamos deudores irreperibles en Mil\u00e1n y provincia. Identificamos el domicilio real y bienes embargables para notificaciones y recupero de cr\u00e9ditos seguros."},"footnotes":""},"class_list":["post-1589","page","type-page","status-publish","hentry"],"acf":[],"_links":{"self":[{"href":"https:\/\/www.arcadiacompany.it\/es\/wp-json\/wp\/v2\/pages\/1589","targetHints":{"allow":["GET"]}}],"collection":[{"href":"https:\/\/www.arcadiacompany.it\/es\/wp-json\/wp\/v2\/pages"}],"about":[{"href":"https:\/\/www.arcadiacompany.it\/es\/wp-json\/wp\/v2\/types\/page"}],"author":[{"embeddable":true,"href":"https:\/\/www.arcadiacompany.it\/es\/wp-json\/wp\/v2\/users\/3"}],"replies":[{"embeddable":true,"href":"https:\/\/www.arcadiacompany.it\/es\/wp-json\/wp\/v2\/comments?post=1589"}],"version-history":[{"count":0,"href":"https:\/\/www.arcadiacompany.it\/es\/wp-json\/wp\/v2\/pages\/1589\/revisions"}],"up":[{"embeddable":true,"href":"https:\/\/www.arcadiacompany.it\/es\/wp-json\/wp\/v2\/pages\/1576"}],"wp:attachment":[{"href":"https:\/\/www.arcadiacompany.it\/es\/wp-json\/wp\/v2\/media?parent=1589"}],"curies":[{"name":"wp","href":"https:\/\/api.w.org\/{rel}","templated":true}]}}