{"id":1523,"date":"2026-02-11T13:15:33","date_gmt":"2026-02-11T13:15:33","guid":{"rendered":"http:\/\/192.168.178.100:65530\/?page_id=1523"},"modified":"2026-03-04T14:39:12","modified_gmt":"2026-03-04T14:39:12","slug":"investigazioni-stalking","status":"publish","type":"page","link":"https:\/\/www.arcadiacompany.it\/es\/investigazioni-private\/investigazioni-stalking\/","title":{"rendered":"Acoso"},"content":{"rendered":"","protected":false},"excerpt":{"rendered":"","protected":false},"author":3,"featured_media":0,"parent":1546,"menu_order":0,"comment_status":"closed","ping_status":"closed","template":"","meta":{"_acf_changed":false,"slim_seo":{"title":"Investigador Anti-Acoso Mil\u00e1n | Pruebas Legales y Protecci\u00f3n Arcadia","description":"\u00bfV\u00edctima de acoso? Arcadia Company recopila pruebas videogr\u00e1ficas y fotogr\u00e1ficas certificadas v\u00e1lidas en el tribunal. Intervenci\u00f3n r\u00e1pida y discreta. Consulta gratuita."},"footnotes":""},"class_list":["post-1523","page","type-page","status-publish","hentry"],"acf":[],"_links":{"self":[{"href":"https:\/\/www.arcadiacompany.it\/es\/wp-json\/wp\/v2\/pages\/1523","targetHints":{"allow":["GET"]}}],"collection":[{"href":"https:\/\/www.arcadiacompany.it\/es\/wp-json\/wp\/v2\/pages"}],"about":[{"href":"https:\/\/www.arcadiacompany.it\/es\/wp-json\/wp\/v2\/types\/page"}],"author":[{"embeddable":true,"href":"https:\/\/www.arcadiacompany.it\/es\/wp-json\/wp\/v2\/users\/3"}],"replies":[{"embeddable":true,"href":"https:\/\/www.arcadiacompany.it\/es\/wp-json\/wp\/v2\/comments?post=1523"}],"version-history":[{"count":0,"href":"https:\/\/www.arcadiacompany.it\/es\/wp-json\/wp\/v2\/pages\/1523\/revisions"}],"up":[{"embeddable":true,"href":"https:\/\/www.arcadiacompany.it\/es\/wp-json\/wp\/v2\/pages\/1546"}],"wp:attachment":[{"href":"https:\/\/www.arcadiacompany.it\/es\/wp-json\/wp\/v2\/media?parent=1523"}],"curies":[{"name":"wp","href":"https:\/\/api.w.org\/{rel}","templated":true}]}}