{"id":1494,"date":"2026-02-11T12:49:17","date_gmt":"2026-02-11T12:49:17","guid":{"rendered":"http:\/\/192.168.178.100:65530\/?page_id=1494"},"modified":"2026-03-04T14:33:19","modified_gmt":"2026-03-04T14:33:19","slug":"investigazioni-ricerca-persone-scomparse","status":"publish","type":"page","link":"https:\/\/www.arcadiacompany.it\/es\/investigazioni-private\/investigazioni-ricerca-persone-scomparse\/","title":{"rendered":"B\u00fasqueda de personas desaparecidas"},"content":{"rendered":"","protected":false},"excerpt":{"rendered":"","protected":false},"author":3,"featured_media":0,"parent":1546,"menu_order":0,"comment_status":"closed","ping_status":"closed","template":"","meta":{"_acf_changed":false,"slim_seo":{"title":"Rastreo de Personas Desaparecidas: Detective Privado Mil\u00e1n","description":"Agencia investigadora especializada en la b\u00fasqueda de personas desaparecidas en Italia y el extranjero. Intervenci\u00f3n inmediata con OSINT y drones. Consulta gratuita."},"footnotes":""},"class_list":["post-1494","page","type-page","status-publish","hentry"],"acf":[],"_links":{"self":[{"href":"https:\/\/www.arcadiacompany.it\/es\/wp-json\/wp\/v2\/pages\/1494","targetHints":{"allow":["GET"]}}],"collection":[{"href":"https:\/\/www.arcadiacompany.it\/es\/wp-json\/wp\/v2\/pages"}],"about":[{"href":"https:\/\/www.arcadiacompany.it\/es\/wp-json\/wp\/v2\/types\/page"}],"author":[{"embeddable":true,"href":"https:\/\/www.arcadiacompany.it\/es\/wp-json\/wp\/v2\/users\/3"}],"replies":[{"embeddable":true,"href":"https:\/\/www.arcadiacompany.it\/es\/wp-json\/wp\/v2\/comments?post=1494"}],"version-history":[{"count":0,"href":"https:\/\/www.arcadiacompany.it\/es\/wp-json\/wp\/v2\/pages\/1494\/revisions"}],"up":[{"embeddable":true,"href":"https:\/\/www.arcadiacompany.it\/es\/wp-json\/wp\/v2\/pages\/1546"}],"wp:attachment":[{"href":"https:\/\/www.arcadiacompany.it\/es\/wp-json\/wp\/v2\/media?parent=1494"}],"curies":[{"name":"wp","href":"https:\/\/api.w.org\/{rel}","templated":true}]}}