{"id":1360,"date":"2026-02-11T09:01:42","date_gmt":"2026-02-11T09:01:42","guid":{"rendered":"http:\/\/192.168.178.100:65530\/?page_id=1360"},"modified":"2026-03-04T14:01:25","modified_gmt":"2026-03-04T14:01:25","slug":"investigazioni-assegno-di-mantenimento","status":"publish","type":"page","link":"https:\/\/www.arcadiacompany.it\/es\/investigazioni-private\/investigazioni-assegno-di-mantenimento\/","title":{"rendered":"Asignaci\u00f3n de manutenci\u00f3n"},"content":{"rendered":"","protected":false},"excerpt":{"rendered":"","protected":false},"author":3,"featured_media":0,"parent":1546,"menu_order":0,"comment_status":"closed","ping_status":"closed","template":"","meta":{"_acf_changed":false,"slim_seo":{"title":"Revisi\u00f3n de la Pensi\u00f3n Alimenticia: Detective Privado Mil\u00e1n","description":"\u00bfPaga demasiado en mantenimiento? \u00bfO recibe muy poco? Descubrimos ingresos ocultos, trabajo en negro y nuevas convivencias para solicitar la revisi\u00f3n de la pensi\u00f3n al Juez."},"footnotes":""},"class_list":["post-1360","page","type-page","status-publish","hentry"],"acf":[],"_links":{"self":[{"href":"https:\/\/www.arcadiacompany.it\/es\/wp-json\/wp\/v2\/pages\/1360","targetHints":{"allow":["GET"]}}],"collection":[{"href":"https:\/\/www.arcadiacompany.it\/es\/wp-json\/wp\/v2\/pages"}],"about":[{"href":"https:\/\/www.arcadiacompany.it\/es\/wp-json\/wp\/v2\/types\/page"}],"author":[{"embeddable":true,"href":"https:\/\/www.arcadiacompany.it\/es\/wp-json\/wp\/v2\/users\/3"}],"replies":[{"embeddable":true,"href":"https:\/\/www.arcadiacompany.it\/es\/wp-json\/wp\/v2\/comments?post=1360"}],"version-history":[{"count":0,"href":"https:\/\/www.arcadiacompany.it\/es\/wp-json\/wp\/v2\/pages\/1360\/revisions"}],"up":[{"embeddable":true,"href":"https:\/\/www.arcadiacompany.it\/es\/wp-json\/wp\/v2\/pages\/1546"}],"wp:attachment":[{"href":"https:\/\/www.arcadiacompany.it\/es\/wp-json\/wp\/v2\/media?parent=1360"}],"curies":[{"name":"wp","href":"https:\/\/api.w.org\/{rel}","templated":true}]}}