{"id":1336,"date":"2026-02-11T08:23:24","date_gmt":"2026-02-11T08:23:24","guid":{"rendered":"http:\/\/192.168.178.100:65530\/?page_id=1336"},"modified":"2026-03-11T07:06:55","modified_gmt":"2026-03-11T07:06:55","slug":"indagini-prematrimoniali","status":"publish","type":"page","link":"https:\/\/www.arcadiacompany.it\/es\/investigazioni-private\/indagini-prematrimoniali\/","title":{"rendered":"Investigaciones prematrimoniales"},"content":{"rendered":"","protected":false},"excerpt":{"rendered":"","protected":false},"author":3,"featured_media":0,"parent":1546,"menu_order":0,"comment_status":"closed","ping_status":"closed","template":"","meta":{"_acf_changed":false,"slim_seo":{"title":"Investigaciones Prematrimoniales Mil\u00e1n: Protege tu Patrimonio","description":"C\u00e1sate con serenidad. Investigaciones prematrimoniales discretas sobre deudas, fidelidad y pasado de la pareja en Mil\u00e1n. Consulta gratuita y reservada. Descubre m\u00e1s."},"footnotes":""},"class_list":["post-1336","page","type-page","status-publish","hentry"],"acf":[],"_links":{"self":[{"href":"https:\/\/www.arcadiacompany.it\/es\/wp-json\/wp\/v2\/pages\/1336","targetHints":{"allow":["GET"]}}],"collection":[{"href":"https:\/\/www.arcadiacompany.it\/es\/wp-json\/wp\/v2\/pages"}],"about":[{"href":"https:\/\/www.arcadiacompany.it\/es\/wp-json\/wp\/v2\/types\/page"}],"author":[{"embeddable":true,"href":"https:\/\/www.arcadiacompany.it\/es\/wp-json\/wp\/v2\/users\/3"}],"replies":[{"embeddable":true,"href":"https:\/\/www.arcadiacompany.it\/es\/wp-json\/wp\/v2\/comments?post=1336"}],"version-history":[{"count":0,"href":"https:\/\/www.arcadiacompany.it\/es\/wp-json\/wp\/v2\/pages\/1336\/revisions"}],"up":[{"embeddable":true,"href":"https:\/\/www.arcadiacompany.it\/es\/wp-json\/wp\/v2\/pages\/1546"}],"wp:attachment":[{"href":"https:\/\/www.arcadiacompany.it\/es\/wp-json\/wp\/v2\/media?parent=1336"}],"curies":[{"name":"wp","href":"https:\/\/api.w.org\/{rel}","templated":true}]}}