{"id":4644,"date":"2026-02-25T10:42:18","date_gmt":"2026-02-25T10:42:18","guid":{"rendered":"http:\/\/192.168.178.100:65530\/?page_id=4644"},"modified":"2026-04-02T14:56:08","modified_gmt":"2026-04-02T12:56:08","slug":"consulting-audit","status":"publish","type":"page","link":"https:\/\/www.arcadiacompany.it\/de\/consulting-audit\/","title":{"rendered":"Beratung \/ Audit"},"content":{"rendered":"","protected":false},"excerpt":{"rendered":"","protected":false},"author":3,"featured_media":4906,"parent":0,"menu_order":0,"comment_status":"closed","ping_status":"closed","template":"","meta":{"_acf_changed":false,"slim_seo":{"title":"Unternehmenssicherheitsberatung und NIS2-Anpassung | Arcadia","description":"Sch\u00fctzen Sie Ihr Unternehmen mit unseren Audit- und Beratungsdiensten f\u00fcr Unternehmenssicherheit. Entdecken Sie unsere ma\u00dfgeschneiderten Pl\u00e4ne zur Anpassung an die NIS2-Richtlinie."},"footnotes":""},"class_list":["post-4644","page","type-page","status-publish","has-post-thumbnail","hentry"],"acf":[],"_links":{"self":[{"href":"https:\/\/www.arcadiacompany.it\/de\/wp-json\/wp\/v2\/pages\/4644","targetHints":{"allow":["GET"]}}],"collection":[{"href":"https:\/\/www.arcadiacompany.it\/de\/wp-json\/wp\/v2\/pages"}],"about":[{"href":"https:\/\/www.arcadiacompany.it\/de\/wp-json\/wp\/v2\/types\/page"}],"author":[{"embeddable":true,"href":"https:\/\/www.arcadiacompany.it\/de\/wp-json\/wp\/v2\/users\/3"}],"replies":[{"embeddable":true,"href":"https:\/\/www.arcadiacompany.it\/de\/wp-json\/wp\/v2\/comments?post=4644"}],"version-history":[{"count":2,"href":"https:\/\/www.arcadiacompany.it\/de\/wp-json\/wp\/v2\/pages\/4644\/revisions"}],"predecessor-version":[{"id":7608,"href":"https:\/\/www.arcadiacompany.it\/de\/wp-json\/wp\/v2\/pages\/4644\/revisions\/7608"}],"wp:featuredmedia":[{"embeddable":true,"href":"https:\/\/www.arcadiacompany.it\/de\/wp-json\/wp\/v2\/media\/4906"}],"wp:attachment":[{"href":"https:\/\/www.arcadiacompany.it\/de\/wp-json\/wp\/v2\/media?parent=4644"}],"curies":[{"name":"wp","href":"https:\/\/api.w.org\/{rel}","templated":true}]}}