{"id":4259,"date":"2026-02-23T14:53:59","date_gmt":"2026-02-23T14:53:59","guid":{"rendered":"http:\/\/192.168.178.100:65530\/?page_id=4259"},"modified":"2026-03-03T06:29:34","modified_gmt":"2026-03-03T06:29:34","slug":"investigatore-privato-reggio-emilia","status":"publish","type":"page","link":"https:\/\/www.arcadiacompany.it\/de\/aree-intervento\/investigatore-privato-reggio-emilia\/","title":{"rendered":"Privater Ermittler Reggio Emilia"},"content":{"rendered":"","protected":false},"excerpt":{"rendered":"","protected":false},"author":3,"featured_media":4337,"parent":2394,"menu_order":0,"comment_status":"closed","ping_status":"closed","template":"","meta":{"_acf_changed":false,"slim_seo":{"title":"Privater Ermittler Reggio Emilia | H\u00f6chste Diskretion | Arcadia","description":"Suchen Sie einen Privatdetektiv in Reggio Emilia? W\u00e4hlen Sie Arcadia Company: externe Ermittler f\u00fcr vollst\u00e4ndige Anonymit\u00e4t, zertifiziertes ISO 9001-Verfahren und festgelegte Kosten."},"footnotes":""},"class_list":["post-4259","page","type-page","status-publish","has-post-thumbnail","hentry"],"acf":[],"_links":{"self":[{"href":"https:\/\/www.arcadiacompany.it\/de\/wp-json\/wp\/v2\/pages\/4259","targetHints":{"allow":["GET"]}}],"collection":[{"href":"https:\/\/www.arcadiacompany.it\/de\/wp-json\/wp\/v2\/pages"}],"about":[{"href":"https:\/\/www.arcadiacompany.it\/de\/wp-json\/wp\/v2\/types\/page"}],"author":[{"embeddable":true,"href":"https:\/\/www.arcadiacompany.it\/de\/wp-json\/wp\/v2\/users\/3"}],"replies":[{"embeddable":true,"href":"https:\/\/www.arcadiacompany.it\/de\/wp-json\/wp\/v2\/comments?post=4259"}],"version-history":[{"count":0,"href":"https:\/\/www.arcadiacompany.it\/de\/wp-json\/wp\/v2\/pages\/4259\/revisions"}],"up":[{"embeddable":true,"href":"https:\/\/www.arcadiacompany.it\/de\/wp-json\/wp\/v2\/pages\/2394"}],"wp:featuredmedia":[{"embeddable":true,"href":"https:\/\/www.arcadiacompany.it\/de\/wp-json\/wp\/v2\/media\/4337"}],"wp:attachment":[{"href":"https:\/\/www.arcadiacompany.it\/de\/wp-json\/wp\/v2\/media?parent=4259"}],"curies":[{"name":"wp","href":"https:\/\/api.w.org\/{rel}","templated":true}]}}