{"id":4244,"date":"2026-02-23T14:21:51","date_gmt":"2026-02-23T14:21:51","guid":{"rendered":"http:\/\/192.168.178.100:65530\/?page_id=4244"},"modified":"2026-03-02T15:54:39","modified_gmt":"2026-03-02T15:54:39","slug":"investigatore-privato-forli-cesena","status":"publish","type":"page","link":"https:\/\/www.arcadiacompany.it\/de\/aree-intervento\/investigatore-privato-forli-cesena\/","title":{"rendered":"Privater Ermittler Forl\u00ec-Cesena"},"content":{"rendered":"","protected":false},"excerpt":{"rendered":"","protected":false},"author":3,"featured_media":4325,"parent":2394,"menu_order":0,"comment_status":"closed","ping_status":"closed","template":"","meta":{"_acf_changed":false,"slim_seo":{"title":"Privater Ermittler Forl\u00ec-Cesena | Sichere Ermittlungen | Arcadia","description":"Vertrauen Sie einem erfahrenen und unsichtbaren Privatdetektiv in Forl\u00ec-Cesena. Arcadia Company bietet g\u00fcltige Beweise f\u00fcr Gerichtsverfahren f\u00fcr Unternehmen und Privatpersonen. Methode ISO 9001."},"footnotes":""},"class_list":["post-4244","page","type-page","status-publish","has-post-thumbnail","hentry"],"acf":[],"_links":{"self":[{"href":"https:\/\/www.arcadiacompany.it\/de\/wp-json\/wp\/v2\/pages\/4244","targetHints":{"allow":["GET"]}}],"collection":[{"href":"https:\/\/www.arcadiacompany.it\/de\/wp-json\/wp\/v2\/pages"}],"about":[{"href":"https:\/\/www.arcadiacompany.it\/de\/wp-json\/wp\/v2\/types\/page"}],"author":[{"embeddable":true,"href":"https:\/\/www.arcadiacompany.it\/de\/wp-json\/wp\/v2\/users\/3"}],"replies":[{"embeddable":true,"href":"https:\/\/www.arcadiacompany.it\/de\/wp-json\/wp\/v2\/comments?post=4244"}],"version-history":[{"count":0,"href":"https:\/\/www.arcadiacompany.it\/de\/wp-json\/wp\/v2\/pages\/4244\/revisions"}],"up":[{"embeddable":true,"href":"https:\/\/www.arcadiacompany.it\/de\/wp-json\/wp\/v2\/pages\/2394"}],"wp:featuredmedia":[{"embeddable":true,"href":"https:\/\/www.arcadiacompany.it\/de\/wp-json\/wp\/v2\/media\/4325"}],"wp:attachment":[{"href":"https:\/\/www.arcadiacompany.it\/de\/wp-json\/wp\/v2\/media?parent=4244"}],"curies":[{"name":"wp","href":"https:\/\/api.w.org\/{rel}","templated":true}]}}