{"id":2581,"date":"2026-02-16T14:48:39","date_gmt":"2026-02-16T14:48:39","guid":{"rendered":"http:\/\/192.168.178.100:65530\/?page_id=2581"},"modified":"2026-02-28T12:09:26","modified_gmt":"2026-02-28T12:09:26","slug":"investigatore-privato-seregno","status":"publish","type":"page","link":"https:\/\/www.arcadiacompany.it\/de\/aree-intervento\/investigatore-privato-seregno\/","title":{"rendered":"Privater Ermittler Seregno"},"content":{"rendered":"","protected":false},"excerpt":{"rendered":"","protected":false},"author":3,"featured_media":3108,"parent":2394,"menu_order":0,"comment_status":"closed","ping_status":"closed","template":"","meta":{"_acf_changed":false,"slim_seo":{"title":"Privater Ermittler Seregno | Ermittlungsagentur Brianza","description":"Privater Ermittler t\u00e4tig in Seregno. Schnelle Intervention von Sesto S.G. \u00fcber die SS36. Keine Transferkosten. Spezialisten f\u00fcr Unternehmens- und Privatermittlungen."},"footnotes":""},"class_list":["post-2581","page","type-page","status-publish","has-post-thumbnail","hentry"],"acf":[],"_links":{"self":[{"href":"https:\/\/www.arcadiacompany.it\/de\/wp-json\/wp\/v2\/pages\/2581","targetHints":{"allow":["GET"]}}],"collection":[{"href":"https:\/\/www.arcadiacompany.it\/de\/wp-json\/wp\/v2\/pages"}],"about":[{"href":"https:\/\/www.arcadiacompany.it\/de\/wp-json\/wp\/v2\/types\/page"}],"author":[{"embeddable":true,"href":"https:\/\/www.arcadiacompany.it\/de\/wp-json\/wp\/v2\/users\/3"}],"replies":[{"embeddable":true,"href":"https:\/\/www.arcadiacompany.it\/de\/wp-json\/wp\/v2\/comments?post=2581"}],"version-history":[{"count":0,"href":"https:\/\/www.arcadiacompany.it\/de\/wp-json\/wp\/v2\/pages\/2581\/revisions"}],"up":[{"embeddable":true,"href":"https:\/\/www.arcadiacompany.it\/de\/wp-json\/wp\/v2\/pages\/2394"}],"wp:featuredmedia":[{"embeddable":true,"href":"https:\/\/www.arcadiacompany.it\/de\/wp-json\/wp\/v2\/media\/3108"}],"wp:attachment":[{"href":"https:\/\/www.arcadiacompany.it\/de\/wp-json\/wp\/v2\/media?parent=2581"}],"curies":[{"name":"wp","href":"https:\/\/api.w.org\/{rel}","templated":true}]}}