{"id":2571,"date":"2026-02-16T14:27:41","date_gmt":"2026-02-16T14:27:41","guid":{"rendered":"http:\/\/192.168.178.100:65530\/?page_id=2571"},"modified":"2026-02-28T12:08:53","modified_gmt":"2026-02-28T12:08:53","slug":"investigatore-privato-rho","status":"publish","type":"page","link":"https:\/\/www.arcadiacompany.it\/de\/aree-intervento\/investigatore-privato-rho\/","title":{"rendered":"Privater Ermittler Rho"},"content":{"rendered":"","protected":false},"excerpt":{"rendered":"","protected":false},"author":3,"featured_media":3106,"parent":2394,"menu_order":0,"comment_status":"closed","ping_status":"closed","template":"","meta":{"_acf_changed":false,"slim_seo":{"title":"Privater Ermittler Rho und Fiera | Unternehmenssicherheit Arcadia","description":"Detektivagentur t\u00e4tig in Rho und Fiera Milano. Schnelle Intervention von Sesto S.G. aus \u00fcber die A4. Experten f\u00fcr Umweltsanierungen und Messe-Sicherheit."},"footnotes":""},"class_list":["post-2571","page","type-page","status-publish","has-post-thumbnail","hentry"],"acf":[],"_links":{"self":[{"href":"https:\/\/www.arcadiacompany.it\/de\/wp-json\/wp\/v2\/pages\/2571","targetHints":{"allow":["GET"]}}],"collection":[{"href":"https:\/\/www.arcadiacompany.it\/de\/wp-json\/wp\/v2\/pages"}],"about":[{"href":"https:\/\/www.arcadiacompany.it\/de\/wp-json\/wp\/v2\/types\/page"}],"author":[{"embeddable":true,"href":"https:\/\/www.arcadiacompany.it\/de\/wp-json\/wp\/v2\/users\/3"}],"replies":[{"embeddable":true,"href":"https:\/\/www.arcadiacompany.it\/de\/wp-json\/wp\/v2\/comments?post=2571"}],"version-history":[{"count":0,"href":"https:\/\/www.arcadiacompany.it\/de\/wp-json\/wp\/v2\/pages\/2571\/revisions"}],"up":[{"embeddable":true,"href":"https:\/\/www.arcadiacompany.it\/de\/wp-json\/wp\/v2\/pages\/2394"}],"wp:featuredmedia":[{"embeddable":true,"href":"https:\/\/www.arcadiacompany.it\/de\/wp-json\/wp\/v2\/media\/3106"}],"wp:attachment":[{"href":"https:\/\/www.arcadiacompany.it\/de\/wp-json\/wp\/v2\/media?parent=2571"}],"curies":[{"name":"wp","href":"https:\/\/api.w.org\/{rel}","templated":true}]}}