{"id":2568,"date":"2026-02-16T14:20:51","date_gmt":"2026-02-16T14:20:51","guid":{"rendered":"http:\/\/192.168.178.100:65530\/?page_id=2568"},"modified":"2026-03-16T11:20:36","modified_gmt":"2026-03-16T11:20:36","slug":"investigatore-privato-legnano","status":"publish","type":"page","link":"https:\/\/www.arcadiacompany.it\/de\/aree-intervento\/investigatore-privato-legnano\/","title":{"rendered":"Privater Ermittler Legnano"},"content":{"rendered":"","protected":false},"excerpt":{"rendered":"","protected":false},"author":3,"featured_media":3102,"parent":2394,"menu_order":0,"comment_status":"closed","ping_status":"closed","template":"","meta":{"_acf_changed":false,"slim_seo":{"title":"Privater Ermittler Legnano | Agentur Alto Milanese Arcadia","description":"Detektivagentur t\u00e4tig in Legnano und Alto Milanese. Schnelle Intervention von Sesto S.G. aus \u00fcber die Autobahn, keine Verz\u00f6gerungen. Spezialisten f\u00fcr Unternehmens- und Privatermittlungen."},"footnotes":""},"class_list":["post-2568","page","type-page","status-publish","has-post-thumbnail","hentry"],"acf":[],"_links":{"self":[{"href":"https:\/\/www.arcadiacompany.it\/de\/wp-json\/wp\/v2\/pages\/2568","targetHints":{"allow":["GET"]}}],"collection":[{"href":"https:\/\/www.arcadiacompany.it\/de\/wp-json\/wp\/v2\/pages"}],"about":[{"href":"https:\/\/www.arcadiacompany.it\/de\/wp-json\/wp\/v2\/types\/page"}],"author":[{"embeddable":true,"href":"https:\/\/www.arcadiacompany.it\/de\/wp-json\/wp\/v2\/users\/3"}],"replies":[{"embeddable":true,"href":"https:\/\/www.arcadiacompany.it\/de\/wp-json\/wp\/v2\/comments?post=2568"}],"version-history":[{"count":0,"href":"https:\/\/www.arcadiacompany.it\/de\/wp-json\/wp\/v2\/pages\/2568\/revisions"}],"up":[{"embeddable":true,"href":"https:\/\/www.arcadiacompany.it\/de\/wp-json\/wp\/v2\/pages\/2394"}],"wp:featuredmedia":[{"embeddable":true,"href":"https:\/\/www.arcadiacompany.it\/de\/wp-json\/wp\/v2\/media\/3102"}],"wp:attachment":[{"href":"https:\/\/www.arcadiacompany.it\/de\/wp-json\/wp\/v2\/media?parent=2568"}],"curies":[{"name":"wp","href":"https:\/\/api.w.org\/{rel}","templated":true}]}}