{"id":1702,"date":"2026-02-12T15:42:29","date_gmt":"2026-02-12T15:42:29","guid":{"rendered":"http:\/\/192.168.178.100:65530\/?page_id=1702"},"modified":"2026-03-02T06:40:20","modified_gmt":"2026-03-02T06:40:20","slug":"bonifiche-cellulari","status":"publish","type":"page","link":"https:\/\/www.arcadiacompany.it\/de\/bonifiche\/bonifiche-cellulari\/","title":{"rendered":"Mobiltelefon-Entgiftung"},"content":{"rendered":"","protected":false},"excerpt":{"rendered":"","protected":false},"author":3,"featured_media":0,"parent":1696,"menu_order":0,"comment_status":"closed","ping_status":"closed","template":"","meta":{"_acf_changed":false,"slim_seo":{"title":"Mobiltelefone von Spyware bereinigen | Erkennung von Spionage-Apps und Abh\u00f6rungen","description":"Verdacht, dass Ihr Smartphone \u00fcberwacht wird? Arcadia Company analysiert iPhones und Android-Ger\u00e4te, um Spyware, Trojaner und Spionage-Apps zu finden. Bericht geeignet f\u00fcr eine Anzeige."},"footnotes":""},"class_list":["post-1702","page","type-page","status-publish","hentry"],"acf":[],"_links":{"self":[{"href":"https:\/\/www.arcadiacompany.it\/de\/wp-json\/wp\/v2\/pages\/1702","targetHints":{"allow":["GET"]}}],"collection":[{"href":"https:\/\/www.arcadiacompany.it\/de\/wp-json\/wp\/v2\/pages"}],"about":[{"href":"https:\/\/www.arcadiacompany.it\/de\/wp-json\/wp\/v2\/types\/page"}],"author":[{"embeddable":true,"href":"https:\/\/www.arcadiacompany.it\/de\/wp-json\/wp\/v2\/users\/3"}],"replies":[{"embeddable":true,"href":"https:\/\/www.arcadiacompany.it\/de\/wp-json\/wp\/v2\/comments?post=1702"}],"version-history":[{"count":0,"href":"https:\/\/www.arcadiacompany.it\/de\/wp-json\/wp\/v2\/pages\/1702\/revisions"}],"up":[{"embeddable":true,"href":"https:\/\/www.arcadiacompany.it\/de\/wp-json\/wp\/v2\/pages\/1696"}],"wp:attachment":[{"href":"https:\/\/www.arcadiacompany.it\/de\/wp-json\/wp\/v2\/media?parent=1702"}],"curies":[{"name":"wp","href":"https:\/\/api.w.org\/{rel}","templated":true}]}}