{"id":1698,"date":"2026-02-12T15:37:21","date_gmt":"2026-02-12T15:37:21","guid":{"rendered":"http:\/\/192.168.178.100:65530\/?page_id=1698"},"modified":"2026-04-27T10:55:23","modified_gmt":"2026-04-27T08:55:23","slug":"bonifiche-elettroniche","status":"publish","type":"page","link":"https:\/\/www.arcadiacompany.it\/de\/bonifiche\/bonifiche-elettroniche\/","title":{"rendered":"Elektronische Bereinigungen"},"content":{"rendered":"","protected":false},"excerpt":{"rendered":"","protected":false},"author":3,"featured_media":0,"parent":1696,"menu_order":0,"comment_status":"closed","ping_status":"closed","template":"","meta":{"_acf_changed":false,"slim_seo":{"title":"Elektronische Entsch\u00e4rfungen Mikrofone | Erkennung von Wanzen und Kameras","description":"Sie vermuten, dass Sie \u00fcberwacht werden? Arcadia Company f\u00fchrt professionelle elektronische Sweeps durch, um Mikrofone, versteckte Kameras und Aufzeichnungsger\u00e4te in Ihrem Haus, B\u00fcro und Auto zu entdecken."},"footnotes":""},"class_list":["post-1698","page","type-page","status-publish","hentry"],"acf":[],"_links":{"self":[{"href":"https:\/\/www.arcadiacompany.it\/de\/wp-json\/wp\/v2\/pages\/1698","targetHints":{"allow":["GET"]}}],"collection":[{"href":"https:\/\/www.arcadiacompany.it\/de\/wp-json\/wp\/v2\/pages"}],"about":[{"href":"https:\/\/www.arcadiacompany.it\/de\/wp-json\/wp\/v2\/types\/page"}],"author":[{"embeddable":true,"href":"https:\/\/www.arcadiacompany.it\/de\/wp-json\/wp\/v2\/users\/3"}],"replies":[{"embeddable":true,"href":"https:\/\/www.arcadiacompany.it\/de\/wp-json\/wp\/v2\/comments?post=1698"}],"version-history":[{"count":3,"href":"https:\/\/www.arcadiacompany.it\/de\/wp-json\/wp\/v2\/pages\/1698\/revisions"}],"predecessor-version":[{"id":7787,"href":"https:\/\/www.arcadiacompany.it\/de\/wp-json\/wp\/v2\/pages\/1698\/revisions\/7787"}],"up":[{"embeddable":true,"href":"https:\/\/www.arcadiacompany.it\/de\/wp-json\/wp\/v2\/pages\/1696"}],"wp:attachment":[{"href":"https:\/\/www.arcadiacompany.it\/de\/wp-json\/wp\/v2\/media?parent=1698"}],"curies":[{"name":"wp","href":"https:\/\/api.w.org\/{rel}","templated":true}]}}