{"id":1691,"date":"2026-02-12T15:23:44","date_gmt":"2026-02-12T15:23:44","guid":{"rendered":"http:\/\/192.168.178.100:65530\/?page_id=1691"},"modified":"2026-03-04T14:44:12","modified_gmt":"2026-03-04T14:44:12","slug":"indagini-patrimoniali-e-finanziarie","status":"publish","type":"page","link":"https:\/\/www.arcadiacompany.it\/de\/investigazioni-aziendali\/indagini-patrimoniali-e-finanziarie\/","title":{"rendered":"Patrimoniale und Finanzielle Ermittlungen"},"content":{"rendered":"","protected":false},"excerpt":{"rendered":"","protected":false},"author":3,"featured_media":0,"parent":1576,"menu_order":0,"comment_status":"closed","ping_status":"closed","template":"","meta":{"_acf_changed":false,"slim_seo":{"title":"Patrimoniale Untersuchungen Mailand | Verm\u00f6genssuche und Kontenverfolgung","description":"M\u00fcssen Sie eine Forderung in Mailand einziehen? Wir f\u00fchren Verm\u00f6gensuntersuchungen durch, um pf\u00e4ndbare Verm\u00f6genswerte, Bankkonten und versteckte Einkommen zu ermitteln. Schnelle rechtliche Berichte."},"footnotes":""},"class_list":["post-1691","page","type-page","status-publish","hentry"],"acf":[],"_links":{"self":[{"href":"https:\/\/www.arcadiacompany.it\/de\/wp-json\/wp\/v2\/pages\/1691","targetHints":{"allow":["GET"]}}],"collection":[{"href":"https:\/\/www.arcadiacompany.it\/de\/wp-json\/wp\/v2\/pages"}],"about":[{"href":"https:\/\/www.arcadiacompany.it\/de\/wp-json\/wp\/v2\/types\/page"}],"author":[{"embeddable":true,"href":"https:\/\/www.arcadiacompany.it\/de\/wp-json\/wp\/v2\/users\/3"}],"replies":[{"embeddable":true,"href":"https:\/\/www.arcadiacompany.it\/de\/wp-json\/wp\/v2\/comments?post=1691"}],"version-history":[{"count":0,"href":"https:\/\/www.arcadiacompany.it\/de\/wp-json\/wp\/v2\/pages\/1691\/revisions"}],"up":[{"embeddable":true,"href":"https:\/\/www.arcadiacompany.it\/de\/wp-json\/wp\/v2\/pages\/1576"}],"wp:attachment":[{"href":"https:\/\/www.arcadiacompany.it\/de\/wp-json\/wp\/v2\/media?parent=1691"}],"curies":[{"name":"wp","href":"https:\/\/api.w.org\/{rel}","templated":true}]}}