{"id":1676,"date":"2026-02-12T15:06:44","date_gmt":"2026-02-12T15:06:44","guid":{"rendered":"http:\/\/192.168.178.100:65530\/?page_id=1676"},"modified":"2026-03-04T14:43:33","modified_gmt":"2026-03-04T14:43:33","slug":"indagini-d-lgs-231-e-whistleblowing","status":"publish","type":"page","link":"https:\/\/www.arcadiacompany.it\/de\/investigazioni-aziendali\/indagini-d-lgs-231-e-whistleblowing\/","title":{"rendered":"Untersuchungen D.Lgs 231 und Whistleblowing"},"content":{"rendered":"","protected":false},"excerpt":{"rendered":"","protected":false},"author":3,"featured_media":0,"parent":1576,"menu_order":0,"comment_status":"closed","ping_status":"closed","template":"","meta":{"_acf_changed":false,"slim_seo":{"title":"Ermittlungen D.Lgs 231 Mailand | Professionelles Whistleblowing-Management","description":"Sch\u00fctzen Sie Ihr Unternehmen vor Sanktionen 231. Arcadia Company bietet Unterst\u00fctzung f\u00fcr den Datenschutzbeauftragten (DPO) f\u00fcr interne Untersuchungen und \u00dcberpr\u00fcfung von Whistleblower-Meldungen in Mailand. Kontaktieren Sie uns."},"footnotes":""},"class_list":["post-1676","page","type-page","status-publish","hentry"],"acf":[],"_links":{"self":[{"href":"https:\/\/www.arcadiacompany.it\/de\/wp-json\/wp\/v2\/pages\/1676","targetHints":{"allow":["GET"]}}],"collection":[{"href":"https:\/\/www.arcadiacompany.it\/de\/wp-json\/wp\/v2\/pages"}],"about":[{"href":"https:\/\/www.arcadiacompany.it\/de\/wp-json\/wp\/v2\/types\/page"}],"author":[{"embeddable":true,"href":"https:\/\/www.arcadiacompany.it\/de\/wp-json\/wp\/v2\/users\/3"}],"replies":[{"embeddable":true,"href":"https:\/\/www.arcadiacompany.it\/de\/wp-json\/wp\/v2\/comments?post=1676"}],"version-history":[{"count":0,"href":"https:\/\/www.arcadiacompany.it\/de\/wp-json\/wp\/v2\/pages\/1676\/revisions"}],"up":[{"embeddable":true,"href":"https:\/\/www.arcadiacompany.it\/de\/wp-json\/wp\/v2\/pages\/1576"}],"wp:attachment":[{"href":"https:\/\/www.arcadiacompany.it\/de\/wp-json\/wp\/v2\/media?parent=1676"}],"curies":[{"name":"wp","href":"https:\/\/api.w.org\/{rel}","templated":true}]}}