{"id":1615,"date":"2026-02-12T11:44:38","date_gmt":"2026-02-12T11:44:38","guid":{"rendered":"http:\/\/192.168.178.100:65530\/?page_id=1615"},"modified":"2026-03-04T13:16:08","modified_gmt":"2026-03-04T13:16:08","slug":"investigazioni-assenze-malattia-e-infortuni","status":"publish","type":"page","link":"https:\/\/www.arcadiacompany.it\/de\/investigazioni-aziendali\/investigazioni-assenze-malattia-e-infortuni\/","title":{"rendered":"Abwesenheit Krankheit und Unf\u00e4lle"},"content":{"rendered":"","protected":false},"excerpt":{"rendered":"","protected":false},"author":3,"featured_media":0,"parent":1576,"menu_order":0,"comment_status":"closed","ping_status":"closed","template":"","meta":{"_acf_changed":false,"slim_seo":{"title":"Ermittler Fehlzeiten Mitarbeiter: Rechtliche Beweise f\u00fcr Krankfeiern","description":"Verdacht auf eine falsche Krankheit? Erhalten Sie rechtlich zul\u00e4ssige Videoaufnahmen f\u00fcr eine fristlose K\u00fcndigung. Erfahrene Detektei f\u00fcr Fehlzeiten."},"footnotes":""},"class_list":["post-1615","page","type-page","status-publish","hentry"],"acf":[],"_links":{"self":[{"href":"https:\/\/www.arcadiacompany.it\/de\/wp-json\/wp\/v2\/pages\/1615","targetHints":{"allow":["GET"]}}],"collection":[{"href":"https:\/\/www.arcadiacompany.it\/de\/wp-json\/wp\/v2\/pages"}],"about":[{"href":"https:\/\/www.arcadiacompany.it\/de\/wp-json\/wp\/v2\/types\/page"}],"author":[{"embeddable":true,"href":"https:\/\/www.arcadiacompany.it\/de\/wp-json\/wp\/v2\/users\/3"}],"replies":[{"embeddable":true,"href":"https:\/\/www.arcadiacompany.it\/de\/wp-json\/wp\/v2\/comments?post=1615"}],"version-history":[{"count":0,"href":"https:\/\/www.arcadiacompany.it\/de\/wp-json\/wp\/v2\/pages\/1615\/revisions"}],"up":[{"embeddable":true,"href":"https:\/\/www.arcadiacompany.it\/de\/wp-json\/wp\/v2\/pages\/1576"}],"wp:attachment":[{"href":"https:\/\/www.arcadiacompany.it\/de\/wp-json\/wp\/v2\/media?parent=1615"}],"curies":[{"name":"wp","href":"https:\/\/api.w.org\/{rel}","templated":true}]}}