{"id":1607,"date":"2026-02-12T11:20:17","date_gmt":"2026-02-12T11:20:17","guid":{"rendered":"http:\/\/192.168.178.100:65530\/?page_id=1607"},"modified":"2026-03-04T14:38:52","modified_gmt":"2026-03-04T14:38:52","slug":"investigazioni-aliunde-perceptum","status":"publish","type":"page","link":"https:\/\/www.arcadiacompany.it\/de\/investigazioni-aziendali\/investigazioni-aliunde-perceptum\/","title":{"rendered":"Anders Wahrgenommen"},"content":{"rendered":"","protected":false},"excerpt":{"rendered":"","protected":false},"author":3,"featured_media":0,"parent":1576,"menu_order":0,"comment_status":"closed","ping_status":"closed","template":"","meta":{"_acf_changed":false,"slim_seo":{"title":"Anders Wahrgenommen: Wie Man Die Entsch\u00e4digung F\u00fcr K\u00fcndigung Reduziert (2026)","description":"Reduzieren Sie die Entsch\u00e4digung f\u00fcr eine unrechtm\u00e4\u00dfige K\u00fcndigung. Arcadia Company sammelt sichere Beweise f\u00fcr Aliunde Perceptum (auch Schwarzarbeit). Kostenlose Beratung."},"footnotes":""},"class_list":["post-1607","page","type-page","status-publish","hentry"],"acf":[],"_links":{"self":[{"href":"https:\/\/www.arcadiacompany.it\/de\/wp-json\/wp\/v2\/pages\/1607","targetHints":{"allow":["GET"]}}],"collection":[{"href":"https:\/\/www.arcadiacompany.it\/de\/wp-json\/wp\/v2\/pages"}],"about":[{"href":"https:\/\/www.arcadiacompany.it\/de\/wp-json\/wp\/v2\/types\/page"}],"author":[{"embeddable":true,"href":"https:\/\/www.arcadiacompany.it\/de\/wp-json\/wp\/v2\/users\/3"}],"replies":[{"embeddable":true,"href":"https:\/\/www.arcadiacompany.it\/de\/wp-json\/wp\/v2\/comments?post=1607"}],"version-history":[{"count":0,"href":"https:\/\/www.arcadiacompany.it\/de\/wp-json\/wp\/v2\/pages\/1607\/revisions"}],"up":[{"embeddable":true,"href":"https:\/\/www.arcadiacompany.it\/de\/wp-json\/wp\/v2\/pages\/1576"}],"wp:attachment":[{"href":"https:\/\/www.arcadiacompany.it\/de\/wp-json\/wp\/v2\/media?parent=1607"}],"curies":[{"name":"wp","href":"https:\/\/api.w.org\/{rel}","templated":true}]}}