{"id":1602,"date":"2026-02-12T11:12:59","date_gmt":"2026-02-12T11:12:59","guid":{"rendered":"http:\/\/192.168.178.100:65530\/?page_id=1602"},"modified":"2026-03-02T10:47:09","modified_gmt":"2026-03-02T10:47:09","slug":"investigazioni-esercizio-abusivo-della-professione","status":"publish","type":"page","link":"https:\/\/www.arcadiacompany.it\/de\/investigazioni-aziendali\/investigazioni-esercizio-abusivo-della-professione\/","title":{"rendered":"Missbrauch der Berufsbezeichnung"},"content":{"rendered":"","protected":false},"excerpt":{"rendered":"","protected":false},"author":3,"featured_media":0,"parent":1576,"menu_order":0,"comment_status":"closed","ping_status":"closed","template":"","meta":{"_acf_changed":false,"slim_seo":{"title":"Ermittler Illegale Aus\u00fcbung Beruf: Rechtliche Beweise | Arcadia","description":"Verdacht auf einen falschen Profi? Wir sammeln unbestreitbare Video- und Dokumentenbeweise f\u00fcr Anzeigen gem\u00e4\u00df Art. 348 StGB. Kostenlose und vertrauliche Beratung. Kontaktieren Sie uns jetzt."},"footnotes":""},"class_list":["post-1602","page","type-page","status-publish","hentry"],"acf":[],"_links":{"self":[{"href":"https:\/\/www.arcadiacompany.it\/de\/wp-json\/wp\/v2\/pages\/1602","targetHints":{"allow":["GET"]}}],"collection":[{"href":"https:\/\/www.arcadiacompany.it\/de\/wp-json\/wp\/v2\/pages"}],"about":[{"href":"https:\/\/www.arcadiacompany.it\/de\/wp-json\/wp\/v2\/types\/page"}],"author":[{"embeddable":true,"href":"https:\/\/www.arcadiacompany.it\/de\/wp-json\/wp\/v2\/users\/3"}],"replies":[{"embeddable":true,"href":"https:\/\/www.arcadiacompany.it\/de\/wp-json\/wp\/v2\/comments?post=1602"}],"version-history":[{"count":0,"href":"https:\/\/www.arcadiacompany.it\/de\/wp-json\/wp\/v2\/pages\/1602\/revisions"}],"up":[{"embeddable":true,"href":"https:\/\/www.arcadiacompany.it\/de\/wp-json\/wp\/v2\/pages\/1576"}],"wp:attachment":[{"href":"https:\/\/www.arcadiacompany.it\/de\/wp-json\/wp\/v2\/media?parent=1602"}],"curies":[{"name":"wp","href":"https:\/\/api.w.org\/{rel}","templated":true}]}}