{"id":1530,"date":"2026-02-11T13:35:13","date_gmt":"2026-02-11T13:35:13","guid":{"rendered":"http:\/\/192.168.178.100:65530\/?page_id=1530"},"modified":"2026-03-26T10:41:26","modified_gmt":"2026-03-26T09:41:26","slug":"contatti","status":"publish","type":"page","link":"https:\/\/www.arcadiacompany.it\/de\/contatti\/","title":{"rendered":"Kontakte"},"content":{"rendered":"","protected":false},"excerpt":{"rendered":"","protected":false},"author":3,"featured_media":3881,"parent":0,"menu_order":0,"comment_status":"closed","ping_status":"closed","template":"","meta":{"_acf_changed":false,"slim_seo":{"title":"Kontakte und Sitz Milano | Detektei Arcadia Company","description":"Sitz in Mailand, t\u00e4tig im gesamten Norditalien. Rufen Sie die Nummer 0235949681 f\u00fcr eine kostenlose und vertrauliche Beratung an. Wir sind bereit, \u00fcberall zu intervenieren, wo es notwendig ist."},"footnotes":""},"class_list":["post-1530","page","type-page","status-publish","has-post-thumbnail","hentry"],"acf":[],"_links":{"self":[{"href":"https:\/\/www.arcadiacompany.it\/de\/wp-json\/wp\/v2\/pages\/1530","targetHints":{"allow":["GET"]}}],"collection":[{"href":"https:\/\/www.arcadiacompany.it\/de\/wp-json\/wp\/v2\/pages"}],"about":[{"href":"https:\/\/www.arcadiacompany.it\/de\/wp-json\/wp\/v2\/types\/page"}],"author":[{"embeddable":true,"href":"https:\/\/www.arcadiacompany.it\/de\/wp-json\/wp\/v2\/users\/3"}],"replies":[{"embeddable":true,"href":"https:\/\/www.arcadiacompany.it\/de\/wp-json\/wp\/v2\/comments?post=1530"}],"version-history":[{"count":4,"href":"https:\/\/www.arcadiacompany.it\/de\/wp-json\/wp\/v2\/pages\/1530\/revisions"}],"predecessor-version":[{"id":7602,"href":"https:\/\/www.arcadiacompany.it\/de\/wp-json\/wp\/v2\/pages\/1530\/revisions\/7602"}],"wp:featuredmedia":[{"embeddable":true,"href":"https:\/\/www.arcadiacompany.it\/de\/wp-json\/wp\/v2\/media\/3881"}],"wp:attachment":[{"href":"https:\/\/www.arcadiacompany.it\/de\/wp-json\/wp\/v2\/media?parent=1530"}],"curies":[{"name":"wp","href":"https:\/\/api.w.org\/{rel}","templated":true}]}}