{"id":1253,"date":"2026-02-10T19:18:18","date_gmt":"2026-02-10T19:18:18","guid":{"rendered":"http:\/\/192.168.178.100:65530\/?page_id=1253"},"modified":"2026-03-04T14:26:07","modified_gmt":"2026-03-04T14:26:07","slug":"investigazioni-infedelta-coniugale","status":"publish","type":"page","link":"https:\/\/www.arcadiacompany.it\/de\/investigazioni-private\/investigazioni-infedelta-coniugale\/","title":{"rendered":"Ehebruch"},"content":{"rendered":"","protected":false},"excerpt":{"rendered":"","protected":false},"author":3,"featured_media":0,"parent":1546,"menu_order":0,"comment_status":"closed","ping_status":"closed","template":"","meta":{"_acf_changed":false,"slim_seo":{"title":"Ehebruch Ermittler Mailand | Rechtsg\u00fcltige Beweise und Preise | Arcadia","description":"Verdacht auf Untreue? Arcadia Company in Mailand sammelt gerichtsverwertbare Beweise f\u00fcr eheliche Untreue. H\u00f6chste Diskretion, Pr\u00e4fektur-Lizenz und kostenloses Angebot."},"footnotes":""},"class_list":["post-1253","page","type-page","status-publish","hentry"],"acf":[],"_links":{"self":[{"href":"https:\/\/www.arcadiacompany.it\/de\/wp-json\/wp\/v2\/pages\/1253","targetHints":{"allow":["GET"]}}],"collection":[{"href":"https:\/\/www.arcadiacompany.it\/de\/wp-json\/wp\/v2\/pages"}],"about":[{"href":"https:\/\/www.arcadiacompany.it\/de\/wp-json\/wp\/v2\/types\/page"}],"author":[{"embeddable":true,"href":"https:\/\/www.arcadiacompany.it\/de\/wp-json\/wp\/v2\/users\/3"}],"replies":[{"embeddable":true,"href":"https:\/\/www.arcadiacompany.it\/de\/wp-json\/wp\/v2\/comments?post=1253"}],"version-history":[{"count":0,"href":"https:\/\/www.arcadiacompany.it\/de\/wp-json\/wp\/v2\/pages\/1253\/revisions"}],"up":[{"embeddable":true,"href":"https:\/\/www.arcadiacompany.it\/de\/wp-json\/wp\/v2\/pages\/1546"}],"wp:attachment":[{"href":"https:\/\/www.arcadiacompany.it\/de\/wp-json\/wp\/v2\/media?parent=1253"}],"curies":[{"name":"wp","href":"https:\/\/api.w.org\/{rel}","templated":true}]}}